{"id":1277,"date":"2023-08-15T22:37:06","date_gmt":"2023-08-15T22:37:06","guid":{"rendered":"https:\/\/straton.pt\/?post_type=product&#038;p=1277"},"modified":"2025-01-19T23:06:54","modified_gmt":"2025-01-19T23:06:54","slug":"cadeira-de-rodas-roda-grande-azul","status":"publish","type":"product","link":"https:\/\/straton.pt\/?product=cadeira-de-rodas-roda-grande-azul","title":{"rendered":"Cadeira de rodas Giralda, roda grande, azul"},"content":{"rendered":"<h4 class=\"h5 section-title d-none d-md-block\">Caracter\u00edsticas t\u00e9cnicas da cadeira de rodas:<br \/>\nMaterial: A\u00e7o<br \/>\nDispon\u00edvel em v\u00e1rias cores<br \/>\nApoios de bra\u00e7os dobr\u00e1veis<br \/>\nApoio para os p\u00e9s remov\u00edvel<br \/>\nRodas s\u00f3lidas<br \/>\nRaios Mag<br \/>\nDimens\u00f5es da cadeira de rodas:<br \/>\nAltura total: 90,5 cm (Giralda 43) \/ 90 cm (Giralda 46)<br \/>\nLargura total (rodas inclu\u00eddas): 58,5 cm (Giralda 43) \/ 61 cm (Giralda 46)<br \/>\nComprimento total: 96,5 cm (Giralda 43) \/ 105 cm (Giralda 46)<br \/>\nLargura dobrada: 25,7 cm (Giralda 43) \/ 26,5 cm (Giralda 46)<br \/>\nComprimento dobrado: 91,5 cm<br \/>\nAltura dobrada: 90,5 cm (Giralda 43) \/ 90 cm (Giralda 46)<br \/>\nDi\u00e2metro da roda traseira: 58 cm<br \/>\nDi\u00e2metro da roda dianteira: 19,5 cm<br \/>\nMedidas da cadeira de rodas manual:<br \/>\nAltura do assento: 48 cm (Giralda 43) \/ 45,5 cm (Giralda 46)<br \/>\nLargura do assento dispon\u00edvel em 43 cm e 46 cm<br \/>\nComprimento do assento: 41,5 cm (Giralda 43) \/ 40 cm (Giralda 46)<br \/>\nAltura do assento: 48 cm (Giralda 43) \/ 49 cm (Giralda 46)<br \/>\nLargura do encosto: 40,5 cm (Giralda 43) \/ 43 cm (Giralda 46)<br \/>\nAltura do encosto: 44 cm<br \/>\nBanco traseiro: 42,5 cm<br \/>\nLargura do bra\u00e7o: 5 cm<br \/>\nComprimento do bra\u00e7o: 41 cm<br \/>\nAltura do bra\u00e7o: 22 cm<br \/>\nComprimento do enchimento: 26 cm<br \/>\nLargura de enchimento: 5 cm<br \/>\nDist\u00e2ncia entre apoios de bra\u00e7o: 41 cm (Giralda 43) \/ 44,5 cm (Giralda 46)<br \/>\nLargura do apoio para os p\u00e9s: 17 cm (Giralda 43) \/ 16,2 cm (Giralda 46)<br \/>\nComprimento do apoio para os p\u00e9s: 14,3 cm<br \/>\nAssento para p\u00e9s: 41 cm<br \/>\nLargura entre os apoios para os p\u00e9s: 35,5 cm<br \/>\nDist\u00e2ncia entre as garras: 34,5 cm (Giralda 43) \/ 37,5 cm (Giralda 46)<br \/>\nLargura da cesta \/ bolso: 22,5 cm<br \/>\nComprimento da cesta \/ bolso: 25,5 cm<br \/>\nDist\u00e2ncia do eixo da roda \u00e0s barras A: 23 cm<br \/>\nDist\u00e2ncia entre as barras transversais B: 3,5 cm<br \/>\nDist\u00e2ncia entre a barra lateral inferior para outro C: 48 cm<br \/>\nPeso: 18,4 kg (Giralda 43) \/ 19,73 kg (Giralda 46)<br \/>\nPeso m\u00e1ximo: 100 kg.<\/h4>\n","protected":false},"excerpt":{"rendered":"<h2><strong>Esta em busca de uma cadeira de rodas manual?<\/strong><\/h2>\n<p>A cadeira de rodas modelo Giralda \u00e9 a\u00a0<strong>cadeira de rodas\u00a0<\/strong>de a\u00e7o que re\u00fane tudo o que voc\u00ea precisa para melhorar sua qualidade de vida: seguran\u00e7a e resist\u00eancia.<br \/>\nO estilo compacto desta econ\u00f3mica\u00a0<strong>cadeira de rodas dobr\u00e1vel<\/strong>\u00a0que inclui uma barra de seguran\u00e7a dupla atinge enorme resist\u00eancia sem perder sua leveza.<\/p>\n<p>A\u00a0<strong>cadeira de rodas dobr\u00e1vel\u00a0<\/strong>possui assento e encosto ergon\u00f4micos que se adaptam perfeitamente ao corpo humano, proporcionando incr\u00edvel conforto e comodidade aos pacientes.<\/p>\n<p>Seu material ign\u00edfugo tamb\u00e9m oferece maior seguran\u00e7a.<\/p>\n<p>Por outro lado, \u00e9 uma\u00a0<strong>cadeira de rodas manual\u00a0<\/strong>confort\u00e1vel, os apoios de bra\u00e7os s\u00e3o totalmente rebat\u00edveis, o que permite um posicionamento confort\u00e1vel do paciente.<\/p>\n<p>Os freios ultra-seguros desta\u00a0<strong>cadeira de rodas\u00a0<\/strong>possuem uma estrutura de ajuste das rodas sem esfor\u00e7o, al\u00e9m de uma cruzeta dupla que permite grande firmeza.<\/p>\n<p>Al\u00e9m disso, os apoios para os p\u00e9s dobr\u00e1veis e remov\u00edveis tornam a posi\u00e7\u00e3o dos p\u00e9s e das pernas ideal, reduzindo ao m\u00e1ximo as \u00falceras de press\u00e3o.<\/p>\n<p>Esta\u00a0<strong>cadeira de rodas dobr\u00e1vel\u00a0<\/strong>estreita tem rod\u00edzios de dupla utiliza\u00e7\u00e3o, uma vez que podem ser utilizadas tanto no interior como no exterior.<\/p>\n<p>Finalmente, o encosto possui uma bolsa traseira para guardar tudo o que voc\u00ea precisa com seguran\u00e7a.<\/p>\n<p>Estas s\u00e3o as caracter\u00edsticas incr\u00edveis da\u00a0<strong>cadeira de rodas manual<\/strong>\u00a0e dobr\u00e1vel Giralda, al\u00e9m disso, a um pre\u00e7o imbat\u00edvel.<br \/>\nO manual de instru\u00e7\u00f5es inclu\u00eddo est\u00e1 em espanhol, ingl\u00eas, franc\u00eas, italiano, alem\u00e3o e portugu\u00eas.<\/p>\n","protected":false},"featured_media":1284,"template":"","meta":{"site-sidebar-layout":"default","site-content-layout":"","ast-site-content-layout":"default","site-content-style":"default","site-sidebar-style":"default","ast-global-header-display":"","ast-banner-title-visibility":"","ast-main-header-display":"","ast-hfb-above-header-display":"","ast-hfb-below-header-display":"","ast-hfb-mobile-header-display":"","site-post-title":"","ast-breadcrumbs-content":"","ast-featured-img":"","footer-sml-layout":"","theme-transparent-header-meta":"default","adv-header-id-meta":"","stick-header-meta":"","header-above-stick-meta":"","header-main-stick-meta":"","header-below-stick-meta":"","astra-migrate-meta-layouts":"set"},"product_cat":[29],"product_tag":[],"_links":{"self":[{"href":"https:\/\/straton.pt\/index.php?rest_route=\/wp\/v2\/product\/1277"}],"collection":[{"href":"https:\/\/straton.pt\/index.php?rest_route=\/wp\/v2\/product"}],"about":[{"href":"https:\/\/straton.pt\/index.php?rest_route=\/wp\/v2\/types\/product"}],"wp:featuredmedia":[{"embeddable":true,"href":"https:\/\/straton.pt\/index.php?rest_route=\/wp\/v2\/media\/1284"}],"wp:attachment":[{"href":"https:\/\/straton.pt\/index.php?rest_route=%2Fwp%2Fv2%2Fmedia&parent=1277"}],"wp:term":[{"taxonomy":"product_cat","embeddable":true,"href":"https:\/\/straton.pt\/index.php?rest_route=%2Fwp%2Fv2%2Fproduct_cat&post=1277"},{"taxonomy":"product_tag","embeddable":true,"href":"https:\/\/straton.pt\/index.php?rest_route=%2Fwp%2Fv2%2Fproduct_tag&post=1277"}],"curies":[{"name":"wp","href":"https:\/\/api.w.org\/{rel}","templated":true}]}}