{"id":1306,"date":"2023-08-23T10:14:18","date_gmt":"2023-08-23T10:14:18","guid":{"rendered":"https:\/\/straton.pt\/?post_type=product&#038;p=1306"},"modified":"2024-07-20T10:03:54","modified_gmt":"2024-07-20T10:03:54","slug":"andarilho-para-idosos-sem-rodas-aluminio-ultraleve","status":"publish","type":"product","link":"https:\/\/straton.pt\/?product=andarilho-para-idosos-sem-rodas-aluminio-ultraleve","title":{"rendered":"Andarilho para idosos, sem rodas, alum\u00ednio ultraleve"},"content":{"rendered":"<p>LEVE: o andarilho para idosos modelo Mezquita \u00e9 feito de alum\u00ednio, o que lhe confere for\u00e7a e agilidade. Gra\u00e7as ao seu material, poder\u00e1 deslocar-se sem problemas, pois pesa apenas 2,7 kg.<\/p>\n<p>AJUST\u00c1VEL EM ALTURA: poder\u00e1 adaptar a altura das suas pernas \u00e0 sua altura e \u00e0s suas necessidades. Para se sentir confort\u00e1vel neste andarilho para idosos basta seleccionar a altura que mais lhe conv\u00e9m e ajustar as pernas com um simples clique.<\/p>\n<p>SEGURO: o andarilho Mesquita sem rodas tem uma barra de seguran\u00e7a dupla para evitar quedas e proporcionar maior resist\u00eancia e estabilidade ao andarilho.<\/p>\n<p>CONFORTO: estes andarilhos para idosos t\u00eam pegas ergon\u00f3micas de borracha, para que as suas m\u00e3os se adaptem o mais poss\u00edvel e amorte\u00e7am o contacto com o solo ao caminhar, tornando-o mais confort\u00e1vel de utilizar. Al\u00e9m disso, gra\u00e7as ao seu sistema de dobragem, poder\u00e1 armazen\u00e1-lo e transport\u00e1-lo sem qualquer problema.<\/p>\n<p>PORTAS E COMPARTIMENTO PORTA-MALAS: Este andador tem uma largura total de 56 cm, por isso pode passar por portas de largura padr\u00e3o de 62.5 cm. Al\u00e9m disso, como este andarilho dobrado mede apenas 55 cm, pode ser transportado no compartimento porta-malas de um ve\u00edculo do tipo Volkswagen Polo. Certifique-se de verificar as medidas das suas portas e do seu ve\u00edculo para ter a certeza de que se encaixa.<\/p>\n","protected":false},"excerpt":{"rendered":"<p>LEVE: o andarilho para idosos modelo Mezquita \u00e9 feito de alum\u00ednio, o que lhe confere for\u00e7a e agilidade. Gra\u00e7as ao seu material, poder\u00e1 deslocar-se sem problemas, pois pesa apenas 2,7 kg. AJUST\u00c1VEL EM ALTURA: poder\u00e1 adaptar a altura das suas pernas \u00e0 sua altura e \u00e0s suas necessidades. Para se sentir confort\u00e1vel neste andarilho para &hellip;<\/p>\n<p class=\"read-more\"> <a class=\"\" href=\"https:\/\/straton.pt\/?product=andarilho-para-idosos-sem-rodas-aluminio-ultraleve\"> <span class=\"screen-reader-text\">Andarilho para idosos, sem rodas, alum\u00ednio ultraleve<\/span> Read More &raquo;<\/a><\/p>\n","protected":false},"featured_media":1311,"template":"","meta":{"site-sidebar-layout":"default","site-content-layout":"","ast-site-content-layout":"default","site-content-style":"default","site-sidebar-style":"default","ast-global-header-display":"","ast-banner-title-visibility":"","ast-main-header-display":"","ast-hfb-above-header-display":"","ast-hfb-below-header-display":"","ast-hfb-mobile-header-display":"","site-post-title":"","ast-breadcrumbs-content":"","ast-featured-img":"","footer-sml-layout":"","theme-transparent-header-meta":"default","adv-header-id-meta":"","stick-header-meta":"","header-above-stick-meta":"","header-main-stick-meta":"","header-below-stick-meta":"","astra-migrate-meta-layouts":"set"},"product_cat":[38],"product_tag":[],"_links":{"self":[{"href":"https:\/\/straton.pt\/index.php?rest_route=\/wp\/v2\/product\/1306"}],"collection":[{"href":"https:\/\/straton.pt\/index.php?rest_route=\/wp\/v2\/product"}],"about":[{"href":"https:\/\/straton.pt\/index.php?rest_route=\/wp\/v2\/types\/product"}],"wp:featuredmedia":[{"embeddable":true,"href":"https:\/\/straton.pt\/index.php?rest_route=\/wp\/v2\/media\/1311"}],"wp:attachment":[{"href":"https:\/\/straton.pt\/index.php?rest_route=%2Fwp%2Fv2%2Fmedia&parent=1306"}],"wp:term":[{"taxonomy":"product_cat","embeddable":true,"href":"https:\/\/straton.pt\/index.php?rest_route=%2Fwp%2Fv2%2Fproduct_cat&post=1306"},{"taxonomy":"product_tag","embeddable":true,"href":"https:\/\/straton.pt\/index.php?rest_route=%2Fwp%2Fv2%2Fproduct_tag&post=1306"}],"curies":[{"name":"wp","href":"https:\/\/api.w.org\/{rel}","templated":true}]}}