{"id":1312,"date":"2023-08-23T10:24:34","date_gmt":"2023-08-23T10:24:34","guid":{"rendered":"https:\/\/straton.pt\/?post_type=product&#038;p=1312"},"modified":"2025-01-19T19:23:59","modified_gmt":"2025-01-19T19:23:59","slug":"scooter-eletrica-autonomia-10-km-4-rodas-desmontavel-12v","status":"publish","type":"product","link":"https:\/\/straton.pt\/?product=scooter-eletrica-autonomia-10-km-4-rodas-desmontavel-12v","title":{"rendered":"Scooter el\u00e9trica, autonomia 10 km. 4 rodas, desmont\u00e1vel, 12V"},"content":{"rendered":"<p>A Scooter Virgo ajuda a solucionar problemas de mobilidade das pessoas com dificuldades motoras, que n\u00e3o podem caminhar por muito tempo e\/ou longas dist\u00e2ncias ou porque se cansam facilmente por ter uma idade avan\u00e7ada.<\/p>\n<p>\u00c9 uma cadeira de rodas com motor el\u00e9ctrico segura uma vez que inclui rodas \u00e0 prova de furos e rodas traseiras anti-queda, para que, nas curvas e inclina\u00e7\u00f5es, n\u00e3o exista o risco de tombar. As rodas contam com chassi refor\u00e7ado para reduzir a flex\u00e3o e a rodagem das jantes<\/p>\n<p>Para carregar a bateria da cadeira de rodas el\u00e9trica, basta com ligar o cabo de alimenta\u00e7\u00e3o \u00e0 porta de carregamento da scooter e \u00e0 tomada de alimenta\u00e7\u00e3o. Recomenda-se carregar a scooter ap\u00f3s a sua utiliza\u00e7\u00e3o, e uma vez em 3 meses. A bateria pode ser retirada da scooter ou carregada directamente na scooter a partir de qualquer tomada el\u00e9ctrica da sua casa ou garagem.<\/p>\n<p>Esta Scooter foi concebida para ser utilizada tanto em interiores como em exteriores.<\/p>\n<p>Carater\u00edsticas principais da Scooter Virgo:<br \/>\nA cadeira de rodas el\u00e9trica tem um design focado no conforto onde podemos destacar:<\/p>\n<p>Cesto frontal que permite colocar qualquer objeto, permitindo-lhe ter total liberdade nos bra\u00e7os para conduzir.<br \/>\nGuiador ajust\u00e1vel em 3 posi\u00e7\u00f5es.<br \/>\nAssento dobr\u00e1vel girat\u00f3rio ajust\u00e1vel 360 em 6 posi\u00e7\u00f5es mediante a alavanca de rota\u00e7\u00e3o do assento e regul\u00e1vel em 3 alturas fixas com 2cm de diferen\u00e7a entre elas.<br \/>\nApoio de bra\u00e7os dobr\u00e1veis e ajust\u00e1veis em largura e inclina\u00e7\u00e3o.<br \/>\nMedidas e peso da Scooter Virgo :<br \/>\nLongitude total: 100 cm sem cesto.<br \/>\nLongitude total: 112 cm com cesto.<br \/>\nLargura total: 51 cm<br \/>\nAltura total: 89 cm<br \/>\nDist\u00e2ncia ao ch\u00e3o: 3.5 cm<br \/>\nPeso com baterias: 40 kg<br \/>\nPeso da bateria: 9.2 kg<br \/>\nPeso m\u00e1ximo suportado: 115 kg<br \/>\nAs rodas da cadeira com motor el\u00e9trico:<br \/>\nRoda dianteiras e traseiras: di\u00e2metro de 19,5 cm<br \/>\nRodas maci\u00e7as anti-furo.<\/p>\n<p>Tipo de assento: Almofadado dobr\u00e1vel.<br \/>\nLargura do assento: 42,5 cm<br \/>\nAssento dobr\u00e1vel girat\u00f3rio ajust\u00e1vel 360 em 6 posi\u00e7\u00f5es mediante a alavanca de rota\u00e7\u00e3o do assento e regul\u00e1vel em 3 alturas fixas com 2cm de diferen\u00e7a entre elas.<br \/>\nCarater\u00edsticas t\u00e9cnicas :<br \/>\nMotor: 250W 4700 RPM<br \/>\nVelocidade m\u00e1xima: 6.4 km\/h<br \/>\nInclina\u00e7\u00e3o m\u00e1xima de subida: 8 graus<br \/>\nCurvatura de subida: 35 mm \/ 1.4<br \/>\nRadio de Viragem: 127 cm<br \/>\nDisp\u00f5e de buzina.<br \/>\nTem 2 refletores traseiros que lhe permitir\u00e3o ser visto de noite.<br \/>\nTrav\u00e3o eletromagn\u00e9tico: det\u00eam a scooter ao parar de acionar o acelerador.<br \/>\nElectr\u00f3nica: Chave de ligado\/desligado, indicador de n\u00edvel de bateria, comando de controle da velocidade.<br \/>\nBateria da cadeira el\u00e9trica de rodas:<br \/>\nBateria de gel: (2) 12V .12Ah Recarreg\u00e1veis e extra\u00edveis para facilitar o transporte.<br \/>\nAutonomia: 10 km (indicativo, em linha reta, segundo o peso do usu\u00e1rio).<br \/>\nCarregador da bateria: 1.8A fora do veiculo.<br \/>\n* Para conservar a vida \u00fatil da bateria, recomendamos carregar as baterias quando o indicador mostra um n\u00edvel baixo sem esperar que a bateria se esgote, e carregar sempre totalmente a bateria.<\/p>\n","protected":false},"excerpt":{"rendered":"<p>A Scooter Virgo ajuda a solucionar problemas de mobilidade das pessoas com dificuldades motoras, que n\u00e3o podem caminhar por muito tempo e\/ou longas dist\u00e2ncias ou porque se cansam facilmente por ter uma idade avan\u00e7ada. \u00c9 uma cadeira de rodas com motor el\u00e9ctrico segura uma vez que inclui rodas \u00e0 prova de furos e rodas traseiras &hellip;<\/p>\n<p class=\"read-more\"> <a class=\"\" href=\"https:\/\/straton.pt\/?product=scooter-eletrica-autonomia-10-km-4-rodas-desmontavel-12v\"> <span class=\"screen-reader-text\">Scooter el\u00e9trica, autonomia 10 km. 4 rodas, desmont\u00e1vel, 12V<\/span> Read More &raquo;<\/a><\/p>\n","protected":false},"featured_media":1313,"template":"","meta":{"site-sidebar-layout":"default","site-content-layout":"","ast-site-content-layout":"default","site-content-style":"default","site-sidebar-style":"default","ast-global-header-display":"","ast-banner-title-visibility":"","ast-main-header-display":"","ast-hfb-above-header-display":"","ast-hfb-below-header-display":"","ast-hfb-mobile-header-display":"","site-post-title":"","ast-breadcrumbs-content":"","ast-featured-img":"","footer-sml-layout":"","theme-transparent-header-meta":"default","adv-header-id-meta":"","stick-header-meta":"","header-above-stick-meta":"","header-main-stick-meta":"","header-below-stick-meta":"","astra-migrate-meta-layouts":"set"},"product_cat":[29],"product_tag":[],"_links":{"self":[{"href":"https:\/\/straton.pt\/index.php?rest_route=\/wp\/v2\/product\/1312"}],"collection":[{"href":"https:\/\/straton.pt\/index.php?rest_route=\/wp\/v2\/product"}],"about":[{"href":"https:\/\/straton.pt\/index.php?rest_route=\/wp\/v2\/types\/product"}],"wp:featuredmedia":[{"embeddable":true,"href":"https:\/\/straton.pt\/index.php?rest_route=\/wp\/v2\/media\/1313"}],"wp:attachment":[{"href":"https:\/\/straton.pt\/index.php?rest_route=%2Fwp%2Fv2%2Fmedia&parent=1312"}],"wp:term":[{"taxonomy":"product_cat","embeddable":true,"href":"https:\/\/straton.pt\/index.php?rest_route=%2Fwp%2Fv2%2Fproduct_cat&post=1312"},{"taxonomy":"product_tag","embeddable":true,"href":"https:\/\/straton.pt\/index.php?rest_route=%2Fwp%2Fv2%2Fproduct_tag&post=1312"}],"curies":[{"name":"wp","href":"https:\/\/api.w.org\/{rel}","templated":true}]}}