{"id":1339,"date":"2023-08-30T10:56:17","date_gmt":"2023-08-30T10:56:17","guid":{"rendered":"https:\/\/straton.pt\/?post_type=product&#038;p=1339"},"modified":"2024-05-28T10:12:45","modified_gmt":"2024-05-28T10:12:45","slug":"pack-2-muletas-com-punho-anatomico-em-borracha","status":"publish","type":"product","link":"https:\/\/straton.pt\/?product=pack-2-muletas-com-punho-anatomico-em-borracha","title":{"rendered":"Pack 2 muletas com punho anat\u00f3mico em borracha"},"content":{"rendered":"<p>&#8211; ZERO LIMITS: Andar ou mover-se n\u00e3o \u00e9 um pesadelo, com este pack de muletas.<\/p>\n<p>&#8211; N\u00c3O PESA: Produzidas em materiais muito leves e f\u00e1ceis de manusear.<\/p>\n<p>&#8211; ANAT\u00d4MICO E ADAPT\u00c1VEL: O ajuste de altura de cada muleta permite uma adapta\u00e7\u00e3o adequada a cada pessoa;<\/p>\n<p>&#8211; PRIMEIROS MATERIAIS: Fabricado com um tubo de alum\u00ednio de alta qualidade. Nunca ser\u00e1 estragado pelas chuvas<\/p>\n","protected":false},"excerpt":{"rendered":"<p>&#8211; ZERO LIMITS: Andar ou mover-se n\u00e3o \u00e9 um pesadelo, com este pack de muletas. &#8211; N\u00c3O PESA: Produzidas em materiais muito leves e f\u00e1ceis de manusear. &#8211; ANAT\u00d4MICO E ADAPT\u00c1VEL: O ajuste de altura de cada muleta permite uma adapta\u00e7\u00e3o adequada a cada pessoa; &#8211; PRIMEIROS MATERIAIS: Fabricado com um tubo de alum\u00ednio de &hellip;<\/p>\n<p class=\"read-more\"> <a class=\"\" href=\"https:\/\/straton.pt\/?product=pack-2-muletas-com-punho-anatomico-em-borracha\"> <span class=\"screen-reader-text\">Pack 2 muletas com punho anat\u00f3mico em borracha<\/span> Read More &raquo;<\/a><\/p>\n","protected":false},"featured_media":1340,"template":"","meta":{"site-sidebar-layout":"default","site-content-layout":"","ast-site-content-layout":"default","site-content-style":"default","site-sidebar-style":"default","ast-global-header-display":"","ast-banner-title-visibility":"","ast-main-header-display":"","ast-hfb-above-header-display":"","ast-hfb-below-header-display":"","ast-hfb-mobile-header-display":"","site-post-title":"","ast-breadcrumbs-content":"","ast-featured-img":"","footer-sml-layout":"","theme-transparent-header-meta":"default","adv-header-id-meta":"","stick-header-meta":"","header-above-stick-meta":"","header-main-stick-meta":"","header-below-stick-meta":"","astra-migrate-meta-layouts":"set"},"product_cat":[39],"product_tag":[],"_links":{"self":[{"href":"https:\/\/straton.pt\/index.php?rest_route=\/wp\/v2\/product\/1339"}],"collection":[{"href":"https:\/\/straton.pt\/index.php?rest_route=\/wp\/v2\/product"}],"about":[{"href":"https:\/\/straton.pt\/index.php?rest_route=\/wp\/v2\/types\/product"}],"wp:featuredmedia":[{"embeddable":true,"href":"https:\/\/straton.pt\/index.php?rest_route=\/wp\/v2\/media\/1340"}],"wp:attachment":[{"href":"https:\/\/straton.pt\/index.php?rest_route=%2Fwp%2Fv2%2Fmedia&parent=1339"}],"wp:term":[{"taxonomy":"product_cat","embeddable":true,"href":"https:\/\/straton.pt\/index.php?rest_route=%2Fwp%2Fv2%2Fproduct_cat&post=1339"},{"taxonomy":"product_tag","embeddable":true,"href":"https:\/\/straton.pt\/index.php?rest_route=%2Fwp%2Fv2%2Fproduct_tag&post=1339"}],"curies":[{"name":"wp","href":"https:\/\/api.w.org\/{rel}","templated":true}]}}