{"id":1345,"date":"2023-08-30T11:01:42","date_gmt":"2023-08-30T11:01:42","guid":{"rendered":"https:\/\/straton.pt\/?post_type=product&#038;p=1345"},"modified":"2025-01-19T23:45:25","modified_gmt":"2025-01-19T23:45:25","slug":"medidor-de-tensoes-automatico-com-memoria-branco","status":"publish","type":"product","link":"https:\/\/straton.pt\/?product=medidor-de-tensoes-automatico-com-memoria-branco","title":{"rendered":"Medidor de tens\u00f5es autom\u00e1tico, com mem\u00f3ria, branco"},"content":{"rendered":"<p>Me\u00e7a a sua press\u00e3o arterial facilmente com este monitor digital de press\u00e3o de sangue:<br \/>\nO monitor autom\u00e1tico de press\u00e3o arterial com mem\u00f3ria Mobiclinic mede a press\u00e3o arterial e o pulso de forma r\u00e1pida e f\u00e1cil.<\/p>\n<p>Este monitor de press\u00e3o permite-lhe armazenar as medi\u00e7\u00f5es em 4 bases de dados com uma capacidade de 30 registos cada.<\/p>\n<p>Este tensi\u00f3metro com mem\u00f3ria permite uma leitura f\u00e1cil gra\u00e7as ao seu ecr\u00e3 LCD e ao seu tamanho.<\/p>\n<p>Possui fun\u00e7\u00f5es de detec\u00e7\u00e3o de arritmia card\u00edaca e indicador de risco, aviso em caso de erros e n\u00edvel de press\u00e3o arterial.<\/p>\n<p>As medi\u00e7\u00f5es da tens\u00e3o arterial efetuadas com este aparelho de medi\u00e7\u00e3o da tens\u00e3o arterial s\u00e3o equivalentes \u00e0s obtidas por um observador especializado utilizando o m\u00e9todo de ausculta\u00e7\u00e3o por bracelete ou estetosc\u00f3pio.<\/p>\n<p>Carater\u00edsticas t\u00e9cnicas do monitor de press\u00e3o arterial autom\u00e1tico:<br \/>\nM\u00e9todo de medi\u00e7\u00e3o: M\u00e9todo oscilom\u00e9trico, enchimento e medi\u00e7\u00e3o autom\u00e1ticos.<br \/>\nCapacidade de mem\u00f3ria: medi\u00e7\u00f5es 4\u00d730 com indica\u00e7\u00e3o de data e hora<br \/>\nLargo da manga: 22-30 cm<br \/>\nPress\u00e3o da manga: 0-300 mmHg<br \/>\nSist\u00f3lica: 60-260 mmHg<br \/>\nDiast\u00f3lica: 40-199 mmHg<br \/>\nTaxa de pulso: 40-180 lpm<br \/>\nPress\u00e3o: 3 mmHg<br \/>\nFrequ\u00eancia do pulso: 5 %<br \/>\nTemperatura ambiente de utiliza\u00e7\u00e3o: 10C &#8211; 40C<br \/>\nHumidade ambiente de uso: =85 % UR<br \/>\nTemperatura ambiente de armazenamento e transporte: -20C &#8211; 50C<br \/>\nHumidade ambiental de armazenamento e transporte: =85 % RH<br \/>\nPress\u00e3o ambiente: 80 kPa-105 kPa<br \/>\nAlimenta\u00e7\u00e3o: 4 pilhas \u00d7 1.5V AAA<br \/>\nClassifica\u00e7\u00e3o: fonte de alimenta\u00e7\u00e3o interna, pe\u00e7as aplicadas tipo BF, IP20, sem prote\u00e7\u00e3o APG e AP, opera\u00e7\u00e3o cont\u00ednua.<br \/>\nDimens\u00f5es: 150 mm \u00d7 95 mm \u00d7 41 mm<br \/>\nPeso: Aprox. 235 g (sem pilhas)<\/p>\n","protected":false},"excerpt":{"rendered":"<p>Me\u00e7a a sua press\u00e3o arterial facilmente com este monitor digital de press\u00e3o de sangue: O monitor autom\u00e1tico de press\u00e3o arterial com mem\u00f3ria Mobiclinic mede a press\u00e3o arterial e o pulso de forma r\u00e1pida e f\u00e1cil. Este monitor de press\u00e3o permite-lhe armazenar as medi\u00e7\u00f5es em 4 bases de dados com uma capacidade de 30 registos cada. &hellip;<\/p>\n<p class=\"read-more\"> <a class=\"\" href=\"https:\/\/straton.pt\/?product=medidor-de-tensoes-automatico-com-memoria-branco\"> <span class=\"screen-reader-text\">Medidor de tens\u00f5es autom\u00e1tico, com mem\u00f3ria, branco<\/span> Read More &raquo;<\/a><\/p>\n","protected":false},"featured_media":1347,"template":"","meta":{"site-sidebar-layout":"default","site-content-layout":"","ast-site-content-layout":"default","site-content-style":"default","site-sidebar-style":"default","ast-global-header-display":"","ast-banner-title-visibility":"","ast-main-header-display":"","ast-hfb-above-header-display":"","ast-hfb-below-header-display":"","ast-hfb-mobile-header-display":"","site-post-title":"","ast-breadcrumbs-content":"","ast-featured-img":"","footer-sml-layout":"","theme-transparent-header-meta":"default","adv-header-id-meta":"","stick-header-meta":"","header-above-stick-meta":"","header-main-stick-meta":"","header-below-stick-meta":"","astra-migrate-meta-layouts":"set"},"product_cat":[40],"product_tag":[],"_links":{"self":[{"href":"https:\/\/straton.pt\/index.php?rest_route=\/wp\/v2\/product\/1345"}],"collection":[{"href":"https:\/\/straton.pt\/index.php?rest_route=\/wp\/v2\/product"}],"about":[{"href":"https:\/\/straton.pt\/index.php?rest_route=\/wp\/v2\/types\/product"}],"wp:featuredmedia":[{"embeddable":true,"href":"https:\/\/straton.pt\/index.php?rest_route=\/wp\/v2\/media\/1347"}],"wp:attachment":[{"href":"https:\/\/straton.pt\/index.php?rest_route=%2Fwp%2Fv2%2Fmedia&parent=1345"}],"wp:term":[{"taxonomy":"product_cat","embeddable":true,"href":"https:\/\/straton.pt\/index.php?rest_route=%2Fwp%2Fv2%2Fproduct_cat&post=1345"},{"taxonomy":"product_tag","embeddable":true,"href":"https:\/\/straton.pt\/index.php?rest_route=%2Fwp%2Fv2%2Fproduct_tag&post=1345"}],"curies":[{"name":"wp","href":"https:\/\/api.w.org\/{rel}","templated":true}]}}