{"id":1355,"date":"2023-08-30T11:21:38","date_gmt":"2023-08-30T11:21:38","guid":{"rendered":"https:\/\/straton.pt\/?post_type=product&#038;p=1355"},"modified":"2025-01-19T19:46:49","modified_gmt":"2025-01-19T19:46:49","slug":"cadeira-de-banho-altura-ajustavel-pes-antiderrapantes","status":"publish","type":"product","link":"https:\/\/straton.pt\/?product=cadeira-de-banho-altura-ajustavel-pes-antiderrapantes","title":{"rendered":"Banco de banho, altura ajust\u00e1vel, p\u00e9s antiderrapantes"},"content":{"rendered":"<p>Este banco de banho ortop\u00e9dico \u00e9 feito de alum\u00ednio e \u00e9 assim, muito leve e facilmente transport\u00e1vel. Devido \u00e0s suas dimens\u00f5es, pode ser utilizado tanto na pr\u00f3pria casa de banho ou no duche. \u00c9 um elemento para uma casa de banho, adaptado \u00e0s necessidades dos idosos pessoas com defici\u00eancia.<\/p>\n<p>\u00c9 ajust\u00e1vel em altura em 10 cm de forma independente de cada perna. As pernas possuem p\u00e9s com ventosas de alta ader\u00eancia para proporcionar maior estabilidade. O seu uso \u00e9 recomendado para pessoas idosas, pessoas com mobilidade reduzida ou que tenham alguma dificuldade em permanecer de p\u00e9 durante muito tempo.<\/p>\n<p>Tamb\u00e9m \u00e9 adequado para crian\u00e7as, pois facilita a limpeza dos pais. Em geral, pode ser usado por todos os membros da fam\u00edlia, para tomar um duche mais relaxado e promover o descanso durante a higiene di\u00e1ria, al\u00e9m de dar confian\u00e7a e estabilidade \u00e0s pessoas dentro da banheira.<\/p>\n<p>O manual de instru\u00e7\u00f5es inclu\u00eddo est\u00e1 em espanhol, ingl\u00eas, franc\u00eas, italiano e alem\u00e3o. Ferramentas para montagem simples inclu\u00eddas.<\/p>\n<p>Caracter\u00edsticas t\u00e9cnicas da cadeira para banho:<br \/>\nAltura regul\u00e1vel: 44cm &#8211; 54cm<br \/>\nLargura total: 32cm<br \/>\nComprimento total: 32cm<br \/>\nAltura do assento: 44cm &#8211; 54cm<br \/>\nDi\u00e2metro do assento: 32 cm<br \/>\nComprimento do assento: 32 cm<br \/>\nDist\u00e2ncia externa entre as pernas dianteiras: 32cm<br \/>\nDist\u00e2ncia externa entre as pernas dianteiras e traseiras: 32cm<br \/>\nDist\u00e2ncia interna entre as pernas dianteiras: 21,5cm<br \/>\nDist\u00e2ncia interna entre as pernas dianteiras e traseiras: 21,5 cm<br \/>\nPeso: 1,2 Kg<br \/>\nPeso m\u00e1ximo suportado: 100 kg.<\/p>\n","protected":false},"excerpt":{"rendered":"<p>Este banco de banho ortop\u00e9dico \u00e9 feito de alum\u00ednio e \u00e9 assim, muito leve e facilmente transport\u00e1vel. Devido \u00e0s suas dimens\u00f5es, pode ser utilizado tanto na pr\u00f3pria casa de banho ou no duche. \u00c9 um elemento para uma casa de banho, adaptado \u00e0s necessidades dos idosos pessoas com defici\u00eancia. \u00c9 ajust\u00e1vel em altura em 10 &hellip;<\/p>\n<p class=\"read-more\"> <a class=\"\" href=\"https:\/\/straton.pt\/?product=cadeira-de-banho-altura-ajustavel-pes-antiderrapantes\"> <span class=\"screen-reader-text\">Banco de banho, altura ajust\u00e1vel, p\u00e9s antiderrapantes<\/span> Read More &raquo;<\/a><\/p>\n","protected":false},"featured_media":1356,"template":"","meta":{"site-sidebar-layout":"default","site-content-layout":"","ast-site-content-layout":"default","site-content-style":"default","site-sidebar-style":"default","ast-global-header-display":"","ast-banner-title-visibility":"","ast-main-header-display":"","ast-hfb-above-header-display":"","ast-hfb-below-header-display":"","ast-hfb-mobile-header-display":"","site-post-title":"","ast-breadcrumbs-content":"","ast-featured-img":"","footer-sml-layout":"","theme-transparent-header-meta":"default","adv-header-id-meta":"","stick-header-meta":"","header-above-stick-meta":"","header-main-stick-meta":"","header-below-stick-meta":"","astra-migrate-meta-layouts":"set"},"product_cat":[41],"product_tag":[],"_links":{"self":[{"href":"https:\/\/straton.pt\/index.php?rest_route=\/wp\/v2\/product\/1355"}],"collection":[{"href":"https:\/\/straton.pt\/index.php?rest_route=\/wp\/v2\/product"}],"about":[{"href":"https:\/\/straton.pt\/index.php?rest_route=\/wp\/v2\/types\/product"}],"wp:featuredmedia":[{"embeddable":true,"href":"https:\/\/straton.pt\/index.php?rest_route=\/wp\/v2\/media\/1356"}],"wp:attachment":[{"href":"https:\/\/straton.pt\/index.php?rest_route=%2Fwp%2Fv2%2Fmedia&parent=1355"}],"wp:term":[{"taxonomy":"product_cat","embeddable":true,"href":"https:\/\/straton.pt\/index.php?rest_route=%2Fwp%2Fv2%2Fproduct_cat&post=1355"},{"taxonomy":"product_tag","embeddable":true,"href":"https:\/\/straton.pt\/index.php?rest_route=%2Fwp%2Fv2%2Fproduct_tag&post=1355"}],"curies":[{"name":"wp","href":"https:\/\/api.w.org\/{rel}","templated":true}]}}