{"id":1360,"date":"2023-08-30T11:25:12","date_gmt":"2023-08-30T11:25:12","guid":{"rendered":"https:\/\/straton.pt\/?post_type=product&#038;p=1360"},"modified":"2024-05-28T09:46:31","modified_gmt":"2024-05-28T09:46:31","slug":"cadeira-com-wc-com-tampa-regulavel-em-altura-apoio-bracos","status":"publish","type":"product","link":"https:\/\/straton.pt\/?product=cadeira-com-wc-com-tampa-regulavel-em-altura-apoio-bracos","title":{"rendered":"Cadeira sanit\u00e1ria Mar, com tampa, regul\u00e1vel em altura, apoio bra\u00e7os"},"content":{"rendered":"<p>A cadeira de WC modelo Mar \u00e9 perfeita para ajudar pessoas com dificuldades de acesso \u00e0 casa de banho, como idosos ou pessoas com problemas de mobilidade. Gra\u00e7as a esta cadeira de sanita, o seu dia-a-dia ser\u00e1 mais f\u00e1cil, pois ir\u00e1 alivi\u00e1-los em momentos t\u00e3o importantes como ir \u00e0 casa de banho.<\/p>\n<p>A cadeira sanit\u00e1ria modelo Mar possui uma estrutura de alum\u00ednio, em branco e cinzento e um assento de PVC muito f\u00e1cil de limpar.<br \/>\nO assento da sanita incorpora tamb\u00e9m apoios de bra\u00e7os confort\u00e1veis e uma sanita em forma de bacia com tampa.<br \/>\nEle tamb\u00e9m tem almofadas antiderrapantes em cada perna para maior seguran\u00e7a, e \u00e9 ajust\u00e1vel em altura.<br \/>\nSem d\u00favida que o pre\u00e7o desta cadeira de banho, a sua qualidade de materiais, o seu f\u00e1cil manuseamento, a sua seguran\u00e7a e outras caracter\u00edsticas ir\u00e3o lev\u00e1-lo a considerar a cadeira com WC &#8216;Mar&#8217; como uma op\u00e7\u00e3o principal.<\/p>\n<p>Carater\u00edsticas t\u00e9cnicas do assento da sanita:<br \/>\nMaterial: arma\u00e7\u00e3o em alum\u00ednio e assento em PVC.<br \/>\nCor: Branco e cinzento<br \/>\nTipo de apoio de bra\u00e7o: Fixos<br \/>\nLargura total: 57 cm<br \/>\nLargura do assento: 46 cm<br \/>\nComprimento do assento: 41,5 cm<br \/>\nLargura dobrada: 53 cm<br \/>\nComprimento total: 53 cm<br \/>\nAltura total: 77 &#8211; 87 cm<br \/>\nAltura do assento: 47 &#8211; 57 cm<br \/>\nAltura do encosto: 30 cm<br \/>\nLargura do encosto: 45 cm<br \/>\nPeso: 4,5 kg<br \/>\nPeso m\u00e1ximo suportado de 100 Kg.<\/p>\n","protected":false},"excerpt":{"rendered":"<p>A cadeira de WC modelo Mar \u00e9 perfeita para ajudar pessoas com dificuldades de acesso \u00e0 casa de banho, como idosos ou pessoas com problemas de mobilidade. Gra\u00e7as a esta cadeira de sanita, o seu dia-a-dia ser\u00e1 mais f\u00e1cil, pois ir\u00e1 alivi\u00e1-los em momentos t\u00e3o importantes como ir \u00e0 casa de banho. A cadeira sanit\u00e1ria &hellip;<\/p>\n<p class=\"read-more\"> <a class=\"\" href=\"https:\/\/straton.pt\/?product=cadeira-com-wc-com-tampa-regulavel-em-altura-apoio-bracos\"> <span class=\"screen-reader-text\">Cadeira sanit\u00e1ria Mar, com tampa, regul\u00e1vel em altura, apoio bra\u00e7os<\/span> Read More &raquo;<\/a><\/p>\n","protected":false},"featured_media":1362,"template":"","meta":{"site-sidebar-layout":"default","site-content-layout":"","ast-site-content-layout":"default","site-content-style":"default","site-sidebar-style":"default","ast-global-header-display":"","ast-banner-title-visibility":"","ast-main-header-display":"","ast-hfb-above-header-display":"","ast-hfb-below-header-display":"","ast-hfb-mobile-header-display":"","site-post-title":"","ast-breadcrumbs-content":"","ast-featured-img":"","footer-sml-layout":"","theme-transparent-header-meta":"default","adv-header-id-meta":"","stick-header-meta":"","header-above-stick-meta":"","header-main-stick-meta":"","header-below-stick-meta":"","astra-migrate-meta-layouts":"set"},"product_cat":[42],"product_tag":[],"_links":{"self":[{"href":"https:\/\/straton.pt\/index.php?rest_route=\/wp\/v2\/product\/1360"}],"collection":[{"href":"https:\/\/straton.pt\/index.php?rest_route=\/wp\/v2\/product"}],"about":[{"href":"https:\/\/straton.pt\/index.php?rest_route=\/wp\/v2\/types\/product"}],"wp:featuredmedia":[{"embeddable":true,"href":"https:\/\/straton.pt\/index.php?rest_route=\/wp\/v2\/media\/1362"}],"wp:attachment":[{"href":"https:\/\/straton.pt\/index.php?rest_route=%2Fwp%2Fv2%2Fmedia&parent=1360"}],"wp:term":[{"taxonomy":"product_cat","embeddable":true,"href":"https:\/\/straton.pt\/index.php?rest_route=%2Fwp%2Fv2%2Fproduct_cat&post=1360"},{"taxonomy":"product_tag","embeddable":true,"href":"https:\/\/straton.pt\/index.php?rest_route=%2Fwp%2Fv2%2Fproduct_tag&post=1360"}],"curies":[{"name":"wp","href":"https:\/\/api.w.org\/{rel}","templated":true}]}}