{"id":1367,"date":"2023-08-30T11:34:24","date_gmt":"2023-08-30T11:34:24","guid":{"rendered":"https:\/\/straton.pt\/?post_type=product&#038;p=1367"},"modified":"2025-01-19T23:34:33","modified_gmt":"2025-01-19T23:34:33","slug":"andarilho-4-rodas-dobravel-travoes-assento-e-encosto","status":"publish","type":"product","link":"https:\/\/straton.pt\/?product=andarilho-4-rodas-dobravel-travoes-assento-e-encosto","title":{"rendered":"Andarilho Escorial 4 rodas, dobr\u00e1vel, trav\u00f5es, assento e encosto"},"content":{"rendered":"<p>\u00c9 um andador adulto com um design inovador e leve, que oferece excelente mobilidade e estabilidade ao caminhar. Fabricado em alum\u00ednio, proporciona grande resist\u00eancia e agilidade nos movimentos. As suas quatro rodas maci\u00e7as foram concebidas para ultrapassar confortavelmente pequenos obst\u00e1culos na estrada, tanto no interior como no exterior, sem qualquer risco de furo.<\/p>\n<p>As al\u00e7as do andador com assento s\u00e3o ergon\u00f4micas ajudando a distribuir e amortecer o peso e reduzir o cansa\u00e7o durante o uso. Al\u00e9m disso, incluem freios de ativa\u00e7\u00e3o suaves para parar o andador no momento desejado e sem esfor\u00e7o, tamb\u00e9m oferece a possibilidade de deix\u00e1-los travados para garantir a imobiliza\u00e7\u00e3o do andador, por exemplo, ao sentar no assento. Se o andador precisar ser completamente imobilizado, as alavancas do freio devem ser puxadas para baixo e as rodas travadas.<\/p>\n<p>Este andador de alum\u00ednio possui assento e encosto acolchoados para garantir conforto e seguran\u00e7a, al\u00e9m de descanso adequado ap\u00f3s os esfor\u00e7os. Inclui uma cesta projetada para guardar seus pertences com seguran\u00e7a e conforto enquanto voc\u00ea caminha. Voc\u00ea pode posicion\u00e1-lo sob o assento e na frente do andador .<br \/>\nO andador Escorial para idosos oferece ao usu\u00e1rio um n\u00edvel exigente de funcionalidade e confiabilidade, exatamente o que voc\u00ea precisa, mas o melhor de tudo, voc\u00ea pode obt\u00ea-lo por um pre\u00e7o \u00fanico no mercado. Pegue!<br \/>\nO manual de instru\u00e7\u00f5es inclu\u00eddo est\u00e1 em espanhol, ingl\u00eas, franc\u00eas, italiano e alem\u00e3o.<\/p>\n<p>Caracter\u00edsticas t\u00e9cnicas do andador dobr\u00e1vel :<br \/>\nCor azul<br \/>\nAltura (m\u00e1x. &#8211; m\u00edn.): 93 &#8211; 80,5 cm.<br \/>\nLargura nas costas: 60 cm.<br \/>\nLargura frontal: 53 cm.<br \/>\nComprimento: 77 cm.<br \/>\nLargura dobrada: 24,5 cm.<br \/>\nAltura dobrada (Max-min): 109,5 &#8211; 96 cm<br \/>\nLargura entre punhos: 41 cm.<br \/>\nMedida do assento (largura x comprimento): 34 x 34,5 cm.<br \/>\nAltura do ch\u00e3o ao assento: 49,5 cm.<br \/>\nCesta (altura x comprimento x largura): 13,5 x 40,5 x 24 cm.<br \/>\nRodas s\u00f3lidas.<br \/>\nRaios de PVC.<br \/>\nDi\u00e2metro das rodas dianteiras e traseiras: 15 cm.<br \/>\nPeso m\u00e1ximo: 110 kg.<br \/>\nPeso do andador: 6,8 kg.<br \/>\nAltura do encosto em rela\u00e7\u00e3o ao assento: 20 cm.<br \/>\nLargura do encosto: 49,5 cm.<\/p>\n","protected":false},"excerpt":{"rendered":"<p>\u00c9 um andador adulto com um design inovador e leve, que oferece excelente mobilidade e estabilidade ao caminhar. Fabricado em alum\u00ednio, proporciona grande resist\u00eancia e agilidade nos movimentos. As suas quatro rodas maci\u00e7as foram concebidas para ultrapassar confortavelmente pequenos obst\u00e1culos na estrada, tanto no interior como no exterior, sem qualquer risco de furo. As al\u00e7as &hellip;<\/p>\n<p class=\"read-more\"> <a class=\"\" href=\"https:\/\/straton.pt\/?product=andarilho-4-rodas-dobravel-travoes-assento-e-encosto\"> <span class=\"screen-reader-text\">Andarilho Escorial 4 rodas, dobr\u00e1vel, trav\u00f5es, assento e encosto<\/span> Read More &raquo;<\/a><\/p>\n","protected":false},"featured_media":1368,"template":"","meta":{"site-sidebar-layout":"default","site-content-layout":"","ast-site-content-layout":"default","site-content-style":"default","site-sidebar-style":"default","ast-global-header-display":"","ast-banner-title-visibility":"","ast-main-header-display":"","ast-hfb-above-header-display":"","ast-hfb-below-header-display":"","ast-hfb-mobile-header-display":"","site-post-title":"","ast-breadcrumbs-content":"","ast-featured-img":"","footer-sml-layout":"","theme-transparent-header-meta":"default","adv-header-id-meta":"","stick-header-meta":"","header-above-stick-meta":"","header-main-stick-meta":"","header-below-stick-meta":"","astra-migrate-meta-layouts":"set"},"product_cat":[38],"product_tag":[],"_links":{"self":[{"href":"https:\/\/straton.pt\/index.php?rest_route=\/wp\/v2\/product\/1367"}],"collection":[{"href":"https:\/\/straton.pt\/index.php?rest_route=\/wp\/v2\/product"}],"about":[{"href":"https:\/\/straton.pt\/index.php?rest_route=\/wp\/v2\/types\/product"}],"wp:featuredmedia":[{"embeddable":true,"href":"https:\/\/straton.pt\/index.php?rest_route=\/wp\/v2\/media\/1368"}],"wp:attachment":[{"href":"https:\/\/straton.pt\/index.php?rest_route=%2Fwp%2Fv2%2Fmedia&parent=1367"}],"wp:term":[{"taxonomy":"product_cat","embeddable":true,"href":"https:\/\/straton.pt\/index.php?rest_route=%2Fwp%2Fv2%2Fproduct_cat&post=1367"},{"taxonomy":"product_tag","embeddable":true,"href":"https:\/\/straton.pt\/index.php?rest_route=%2Fwp%2Fv2%2Fproduct_tag&post=1367"}],"curies":[{"name":"wp","href":"https:\/\/api.w.org\/{rel}","templated":true}]}}