{"id":1375,"date":"2023-08-30T11:37:54","date_gmt":"2023-08-30T11:37:54","guid":{"rendered":"https:\/\/straton.pt\/?post_type=product&#038;p=1375"},"modified":"2025-01-19T19:31:17","modified_gmt":"2025-01-19T19:31:17","slug":"cadeira-de-rodas-grandes-dobravel-ortopedica","status":"publish","type":"product","link":"https:\/\/straton.pt\/?product=cadeira-de-rodas-grandes-dobravel-ortopedica","title":{"rendered":"Cadeira de rodas grandes Alcazar, dobr\u00e1vel, ortop\u00e9dica"},"content":{"rendered":"<p>SEGURA: A cadeira de rodas Alcazar tem acabamento em a\u00e7o e tecido \u00e0 prova de fogo, o que proporciona maiores garantias e maior durabilidade.<\/p>\n<p>F\u00c1CIL DE TRANSPORTAR: Sendo uma cadeira de rodas dobr\u00e1vel oferece a possibilidade de transport\u00e1-la confortavelmente e guard\u00e1-la facilmente.<\/p>\n<p>MUITO CONFORT\u00c1VEL: Gra\u00e7as ao seu design com apoio para bra\u00e7os almofadado, esta cadeira de rodas conta com a maior comodidade para cada usu\u00e1rio.<\/p>\n<p>ADAPT\u00c1VEL: Assento e encosto ergon\u00f3micos que se ajustam para oferecer o maior conforto poss\u00edvel.<\/p>\n<p>RODAS DESMONT\u00c1VEIS: As rodas traseiras podem ser removidas por meio de um pino e de uma porca hexagonal, o que facilita o armazenamento ou transporte da cadeira.<\/p>\n<p>PORTAS E PORTA-BAGAGENS: Esta cadeira de rodas tem uma largura total de 63,5 cm, pelo que pode passar por portas de largura padr\u00e3o de 72.5 cm. Al\u00e9m disso, como esta cadeira de rodas dobrada mede apenas 23 cm, pode ser facilmente transportada. Certifique-se de verificar as medidas das suas portas e do seu ve\u00edculo para ter a certeza que se adequa.<\/p>\n","protected":false},"excerpt":{"rendered":"<p>SEGURA: A cadeira de rodas Alcazar tem acabamento em a\u00e7o e tecido \u00e0 prova de fogo, o que proporciona maiores garantias e maior durabilidade. F\u00c1CIL DE TRANSPORTAR: Sendo uma cadeira de rodas dobr\u00e1vel oferece a possibilidade de transport\u00e1-la confortavelmente e guard\u00e1-la facilmente. MUITO CONFORT\u00c1VEL: Gra\u00e7as ao seu design com apoio para bra\u00e7os almofadado, esta cadeira &hellip;<\/p>\n<p class=\"read-more\"> <a class=\"\" href=\"https:\/\/straton.pt\/?product=cadeira-de-rodas-grandes-dobravel-ortopedica\"> <span class=\"screen-reader-text\">Cadeira de rodas grandes Alcazar, dobr\u00e1vel, ortop\u00e9dica<\/span> Read More &raquo;<\/a><\/p>\n","protected":false},"featured_media":1376,"template":"","meta":{"site-sidebar-layout":"default","site-content-layout":"","ast-site-content-layout":"default","site-content-style":"default","site-sidebar-style":"default","ast-global-header-display":"","ast-banner-title-visibility":"","ast-main-header-display":"","ast-hfb-above-header-display":"","ast-hfb-below-header-display":"","ast-hfb-mobile-header-display":"","site-post-title":"","ast-breadcrumbs-content":"","ast-featured-img":"","footer-sml-layout":"","theme-transparent-header-meta":"default","adv-header-id-meta":"","stick-header-meta":"","header-above-stick-meta":"","header-main-stick-meta":"","header-below-stick-meta":"","astra-migrate-meta-layouts":"set"},"product_cat":[29],"product_tag":[],"_links":{"self":[{"href":"https:\/\/straton.pt\/index.php?rest_route=\/wp\/v2\/product\/1375"}],"collection":[{"href":"https:\/\/straton.pt\/index.php?rest_route=\/wp\/v2\/product"}],"about":[{"href":"https:\/\/straton.pt\/index.php?rest_route=\/wp\/v2\/types\/product"}],"wp:featuredmedia":[{"embeddable":true,"href":"https:\/\/straton.pt\/index.php?rest_route=\/wp\/v2\/media\/1376"}],"wp:attachment":[{"href":"https:\/\/straton.pt\/index.php?rest_route=%2Fwp%2Fv2%2Fmedia&parent=1375"}],"wp:term":[{"taxonomy":"product_cat","embeddable":true,"href":"https:\/\/straton.pt\/index.php?rest_route=%2Fwp%2Fv2%2Fproduct_cat&post=1375"},{"taxonomy":"product_tag","embeddable":true,"href":"https:\/\/straton.pt\/index.php?rest_route=%2Fwp%2Fv2%2Fproduct_tag&post=1375"}],"curies":[{"name":"wp","href":"https:\/\/api.w.org\/{rel}","templated":true}]}}