{"id":1404,"date":"2023-09-06T19:18:54","date_gmt":"2023-09-06T19:18:54","guid":{"rendered":"https:\/\/straton.pt\/?post_type=product&#038;p=1404"},"modified":"2024-07-20T09:50:25","modified_gmt":"2024-07-20T09:50:25","slug":"pincas-de-alcance-mandibulas-antideslizantes","status":"publish","type":"product","link":"https:\/\/straton.pt\/?product=pincas-de-alcance-mandibulas-antideslizantes","title":{"rendered":"Pin\u00e7as de alcance, mand\u00edbulas antideslizantes"},"content":{"rendered":"<p>ERGON\u00d3MICAS: as pin\u00e7as de alcance s\u00e3o facilmente manipul\u00e1veis, e requerem menos for\u00e7a no momento de usar, pelo que se torna ideal para pessoas com mobilidade reduzida.<\/p>\n<p>LEVES: o peso destas pin\u00e7as ortop\u00e9dicas \u00e9 reduzido, pelo que se tornam facilmente manej\u00e1veis e conseguem uma grande precis\u00e3o no momento de alcan\u00e7ar objetos.<\/p>\n<p>CONFORT\u00c1VEIS: cont\u00e9m mand\u00edbulas antideslizantes para prender objetos muito pequenos e conseguir que n\u00e3o escorreguem.<\/p>\n<p>PR\u00c1TICAS: as pin\u00e7as de alcance s\u00e3o especialmente \u00fateis para idosos, pessoas com gessos, etc.<\/p>\n","protected":false},"excerpt":{"rendered":"<p>ERGON\u00d3MICAS: as pin\u00e7as de alcance s\u00e3o facilmente manipul\u00e1veis, e requerem menos for\u00e7a no momento de usar, pelo que se torna ideal para pessoas com mobilidade reduzida. LEVES: o peso destas pin\u00e7as ortop\u00e9dicas \u00e9 reduzido, pelo que se tornam facilmente manej\u00e1veis e conseguem uma grande precis\u00e3o no momento de alcan\u00e7ar objetos. CONFORT\u00c1VEIS: cont\u00e9m mand\u00edbulas antideslizantes para &hellip;<\/p>\n<p class=\"read-more\"> <a class=\"\" href=\"https:\/\/straton.pt\/?product=pincas-de-alcance-mandibulas-antideslizantes\"> <span class=\"screen-reader-text\">Pin\u00e7as de alcance, mand\u00edbulas antideslizantes<\/span> Read More &raquo;<\/a><\/p>\n","protected":false},"featured_media":1405,"template":"","meta":{"site-sidebar-layout":"default","site-content-layout":"","ast-site-content-layout":"default","site-content-style":"default","site-sidebar-style":"default","ast-global-header-display":"","ast-banner-title-visibility":"","ast-main-header-display":"","ast-hfb-above-header-display":"","ast-hfb-below-header-display":"","ast-hfb-mobile-header-display":"","site-post-title":"","ast-breadcrumbs-content":"","ast-featured-img":"","footer-sml-layout":"","theme-transparent-header-meta":"default","adv-header-id-meta":"","stick-header-meta":"","header-above-stick-meta":"","header-main-stick-meta":"","header-below-stick-meta":"","astra-migrate-meta-layouts":"set"},"product_cat":[42],"product_tag":[],"_links":{"self":[{"href":"https:\/\/straton.pt\/index.php?rest_route=\/wp\/v2\/product\/1404"}],"collection":[{"href":"https:\/\/straton.pt\/index.php?rest_route=\/wp\/v2\/product"}],"about":[{"href":"https:\/\/straton.pt\/index.php?rest_route=\/wp\/v2\/types\/product"}],"wp:featuredmedia":[{"embeddable":true,"href":"https:\/\/straton.pt\/index.php?rest_route=\/wp\/v2\/media\/1405"}],"wp:attachment":[{"href":"https:\/\/straton.pt\/index.php?rest_route=%2Fwp%2Fv2%2Fmedia&parent=1404"}],"wp:term":[{"taxonomy":"product_cat","embeddable":true,"href":"https:\/\/straton.pt\/index.php?rest_route=%2Fwp%2Fv2%2Fproduct_cat&post=1404"},{"taxonomy":"product_tag","embeddable":true,"href":"https:\/\/straton.pt\/index.php?rest_route=%2Fwp%2Fv2%2Fproduct_tag&post=1404"}],"curies":[{"name":"wp","href":"https:\/\/api.w.org\/{rel}","templated":true}]}}