{"id":1406,"date":"2023-09-06T19:21:18","date_gmt":"2023-09-06T19:21:18","guid":{"rendered":"https:\/\/straton.pt\/?post_type=product&#038;p=1406"},"modified":"2025-01-19T19:49:49","modified_gmt":"2025-01-19T19:49:49","slug":"cadeira-de-rodas-largura-60cm-ate-225kg-rodas-removiveis","status":"publish","type":"product","link":"https:\/\/straton.pt\/?product=cadeira-de-rodas-largura-60cm-ate-225kg-rodas-removiveis","title":{"rendered":"Cadeira de rodas, largura 60cm, at\u00e9 225kg, rodas remov\u00edveis"},"content":{"rendered":"<p>TAMANHO MAXI: Uma largura de assento especial de at\u00e9 60cm e um peso m\u00e1ximo de carga de 225kg, para adaptar e garantir o conforto do usu\u00e1rio.<\/p>\n<p>RESIST\u00caNCIA E DURABILIDADE: Formada por um chassi de cruzeta dupla e uma robusta estrutura de a\u00e7o que tornam a cadeira de rodas resistente e dur\u00e1vel para uso prolongado. Composto por rodas s\u00f3lidas que suportam qualquer superf\u00edcie sem furos.<\/p>\n<p>RODAS DE REMO\u00c7\u00c3O R\u00c1PIDA: Esta cadeira de rodas para adultos \u00e9 f\u00e1cil de guardar ou transportar, pois suas rodas traseiras incluem o sistema Quick Release e podem ser removidas simplesmente pressionando um bot\u00e3o , sem a necessidade de usar nenhuma ferramenta. Al\u00e9m disso, os apoios de p\u00e9s e bra\u00e7os remov\u00edveis facilitam a desmontagem e o armazenamento da cadeira de rodas.<\/p>\n<p>SEGURAN\u00c7A E ESTABILIDADE: Sua estrutura de a\u00e7o o torna est\u00e1vel e dur\u00e1vel e as rodas anti-inclina\u00e7\u00e3o permitem que o usu\u00e1rio seja transportado com seguran\u00e7a em qualquer superf\u00edcie. Al\u00e9m disso, os trav\u00f5es de estacionamento proporcionam maior seguran\u00e7a gra\u00e7as ao facto de poder deixar a cadeira completamente fixa.<\/p>\n<p>CONFORTO E AJUSTE IDEAL: A cadeira de rodas oferece um ajuste personalizado, pois os apoios de bra\u00e7os e p\u00e9s s\u00e3o remov\u00edveis e dobr\u00e1veis , facilitando assim a entrada e sa\u00edda lateral. Al\u00e9m disso, o encosto e o assento s\u00e3o acolchoados , garantindo maior conforto. As al\u00e7as ergon\u00f4micas tamb\u00e9m fornecem uma pegada confort\u00e1vel para acompanhantes ou cuidadores.<\/p>\n<p>AUTOPROPELIDO : \u00c9 autopropelido gra\u00e7as ao seu anel de forma anat\u00f4mica para autopropuls\u00e3o . Facilita o manuseio e uso<br \/>\nCaracter\u00edsticas t\u00e9cnicas do produto:<br \/>\nAltura total: 93,5 cm<br \/>\nAltura do assento ao ch\u00e3o: 50 cm<br \/>\nAltura dobrada: 93 cm<br \/>\nLargura total: 80,5 cm<br \/>\nLargura do assento: 60 cm<br \/>\nLargura dobrada: 33 cm<br \/>\nDist\u00e2ncia entre bra\u00e7os: 60 cm<br \/>\nLargura do encosto: 60 cm<br \/>\nComprimento do encosto: 41 cm<br \/>\nComprimento dobrado: 80 cm<br \/>\nProfundidade total: 107 cm<br \/>\nProfundidade do assento: 42,5<br \/>\nRodas dianteiras girat\u00f3rias: 20 cm<br \/>\nRodas traseiras: 60 cm<br \/>\nMaterial da roda: PU (poliuretano)<br \/>\nEntre-eixos: 46 cm<br \/>\nDist\u00e2ncia do apoio para os p\u00e9s ao ch\u00e3o: 18 cm<br \/>\nDist\u00e2ncia do apoio para os p\u00e9s ao assento: 36 cm<br \/>\nPeso m\u00e1ximo do usu\u00e1rio: 225 kg<br \/>\nPeso l\u00edquido: 21,7kg<\/p>\n","protected":false},"excerpt":{"rendered":"<p>TAMANHO MAXI: Uma largura de assento especial de at\u00e9 60cm e um peso m\u00e1ximo de carga de 225kg, para adaptar e garantir o conforto do usu\u00e1rio. RESIST\u00caNCIA E DURABILIDADE: Formada por um chassi de cruzeta dupla e uma robusta estrutura de a\u00e7o que tornam a cadeira de rodas resistente e dur\u00e1vel para uso prolongado. Composto &hellip;<\/p>\n<p class=\"read-more\"> <a class=\"\" href=\"https:\/\/straton.pt\/?product=cadeira-de-rodas-largura-60cm-ate-225kg-rodas-removiveis\"> <span class=\"screen-reader-text\">Cadeira de rodas, largura 60cm, at\u00e9 225kg, rodas remov\u00edveis<\/span> Read More &raquo;<\/a><\/p>\n","protected":false},"featured_media":1407,"template":"","meta":{"site-sidebar-layout":"default","site-content-layout":"","ast-site-content-layout":"default","site-content-style":"default","site-sidebar-style":"default","ast-global-header-display":"","ast-banner-title-visibility":"","ast-main-header-display":"","ast-hfb-above-header-display":"","ast-hfb-below-header-display":"","ast-hfb-mobile-header-display":"","site-post-title":"","ast-breadcrumbs-content":"","ast-featured-img":"","footer-sml-layout":"","theme-transparent-header-meta":"default","adv-header-id-meta":"","stick-header-meta":"","header-above-stick-meta":"","header-main-stick-meta":"","header-below-stick-meta":"","astra-migrate-meta-layouts":"set"},"product_cat":[29],"product_tag":[],"_links":{"self":[{"href":"https:\/\/straton.pt\/index.php?rest_route=\/wp\/v2\/product\/1406"}],"collection":[{"href":"https:\/\/straton.pt\/index.php?rest_route=\/wp\/v2\/product"}],"about":[{"href":"https:\/\/straton.pt\/index.php?rest_route=\/wp\/v2\/types\/product"}],"wp:featuredmedia":[{"embeddable":true,"href":"https:\/\/straton.pt\/index.php?rest_route=\/wp\/v2\/media\/1407"}],"wp:attachment":[{"href":"https:\/\/straton.pt\/index.php?rest_route=%2Fwp%2Fv2%2Fmedia&parent=1406"}],"wp:term":[{"taxonomy":"product_cat","embeddable":true,"href":"https:\/\/straton.pt\/index.php?rest_route=%2Fwp%2Fv2%2Fproduct_cat&post=1406"},{"taxonomy":"product_tag","embeddable":true,"href":"https:\/\/straton.pt\/index.php?rest_route=%2Fwp%2Fv2%2Fproduct_tag&post=1406"}],"curies":[{"name":"wp","href":"https:\/\/api.w.org\/{rel}","templated":true}]}}