{"id":1408,"date":"2023-09-06T19:24:03","date_gmt":"2023-09-06T19:24:03","guid":{"rendered":"https:\/\/straton.pt\/?post_type=product&#038;p=1408"},"modified":"2025-01-19T23:15:19","modified_gmt":"2025-01-19T23:15:19","slug":"elevador-de-sanita-com-tampa-apoios-de-bracos-dobraveis-branco","status":"publish","type":"product","link":"https:\/\/straton.pt\/?product=elevador-de-sanita-com-tampa-apoios-de-bracos-dobraveis-branco","title":{"rendered":"Elevador de sanita Guadiana com tampa, apoios de bra\u00e7os dobr\u00e1veis"},"content":{"rendered":"<p>Elevador de sanita ideal para pessoas com dificuldade em entrar ou sair da casa de banho.<\/p>\n<p>Este alteador de sanita inclui apoios de bra\u00e7os dobr\u00e1veis, que podem melhorar as transfer\u00eancias de qualquer cadeira melhorando a sensa\u00e7\u00e3o de seguran\u00e7a e estabilidade, fundamental para a tranquilidade do usu\u00e1rio e respetivos cuidadores.<\/p>\n<p>As baixas alturas dos sanit\u00e1rios podem criar sofrimento e tens\u00e3o nos joelhos e na cintura de adultos incapacitados fisicamente e idosos. Isso pode causar quedas e grandes dificuldades na vida di\u00e1ria dessas pessoas. \u00c9 por isso que recomendamos um elevador de WC. Esta ajuda melhorar\u00e1 a qualidade de vida dos usu\u00e1rios e cuidadores.<\/p>\n<p>Carater\u00edsticas t\u00e9cnicas do alteador de sanita com bra\u00e7os:<br \/>\nMaterial: PE + Alum\u00ednio + Espuma + PP<br \/>\nPeso: 3,4 kg.<br \/>\nPeso m\u00e1ximo suportado: 100 kg.<br \/>\nMedidas do elevador de sanita:<br \/>\nAltura a partir da frente:<br \/>\nSem tampa: 9 cm<br \/>\nCom tampa: 11 cm<br \/>\nAltura na parte de tr\u00e1s:<br \/>\nSem tampa: 12 cm<br \/>\nCom tampa: 14 cm<br \/>\nAltura com o adaptador para WC:<br \/>\nSem tampa: 18 cm<br \/>\nCom tampa: 20 cm<br \/>\nComprimento da tampa: 43 cm<br \/>\nLargura da tampa: 34,5<br \/>\nComprimento da base: 43 cm<br \/>\nLargura da base: 40,5 cm<br \/>\nLargura total do riser: 56 cm<br \/>\nProfundidade do furo:<br \/>\nLado curto: 11,5 cm<br \/>\nLado comprido: 14,5 cm<br \/>\nComprimento do buraco: 24 cm<br \/>\nLargura do buraco: 23 cm<br \/>\nAltura do buraco: 16,5 cm<br \/>\nAltura do apoio de bra\u00e7o: 22,5cm.<br \/>\nMedidas entre apoios de bra\u00e7o: 46,5 cm.<br \/>\nComprimento do apoio de bra\u00e7o: 40 cm.<br \/>\nComprimento almofadado do apoio de bra\u00e7o: 32 cm.<\/p>\n","protected":false},"excerpt":{"rendered":"<p>Elevador de sanita ideal para pessoas com dificuldade em entrar ou sair da casa de banho. Este alteador de sanita inclui apoios de bra\u00e7os dobr\u00e1veis, que podem melhorar as transfer\u00eancias de qualquer cadeira melhorando a sensa\u00e7\u00e3o de seguran\u00e7a e estabilidade, fundamental para a tranquilidade do usu\u00e1rio e respetivos cuidadores. As baixas alturas dos sanit\u00e1rios podem &hellip;<\/p>\n<p class=\"read-more\"> <a class=\"\" href=\"https:\/\/straton.pt\/?product=elevador-de-sanita-com-tampa-apoios-de-bracos-dobraveis-branco\"> <span class=\"screen-reader-text\">Elevador de sanita Guadiana com tampa, apoios de bra\u00e7os dobr\u00e1veis<\/span> Read More &raquo;<\/a><\/p>\n","protected":false},"featured_media":1409,"template":"","meta":{"site-sidebar-layout":"default","site-content-layout":"","ast-site-content-layout":"default","site-content-style":"default","site-sidebar-style":"default","ast-global-header-display":"","ast-banner-title-visibility":"","ast-main-header-display":"","ast-hfb-above-header-display":"","ast-hfb-below-header-display":"","ast-hfb-mobile-header-display":"","site-post-title":"","ast-breadcrumbs-content":"","ast-featured-img":"","footer-sml-layout":"","theme-transparent-header-meta":"default","adv-header-id-meta":"","stick-header-meta":"","header-above-stick-meta":"","header-main-stick-meta":"","header-below-stick-meta":"","astra-migrate-meta-layouts":"set"},"product_cat":[42],"product_tag":[],"_links":{"self":[{"href":"https:\/\/straton.pt\/index.php?rest_route=\/wp\/v2\/product\/1408"}],"collection":[{"href":"https:\/\/straton.pt\/index.php?rest_route=\/wp\/v2\/product"}],"about":[{"href":"https:\/\/straton.pt\/index.php?rest_route=\/wp\/v2\/types\/product"}],"wp:featuredmedia":[{"embeddable":true,"href":"https:\/\/straton.pt\/index.php?rest_route=\/wp\/v2\/media\/1409"}],"wp:attachment":[{"href":"https:\/\/straton.pt\/index.php?rest_route=%2Fwp%2Fv2%2Fmedia&parent=1408"}],"wp:term":[{"taxonomy":"product_cat","embeddable":true,"href":"https:\/\/straton.pt\/index.php?rest_route=%2Fwp%2Fv2%2Fproduct_cat&post=1408"},{"taxonomy":"product_tag","embeddable":true,"href":"https:\/\/straton.pt\/index.php?rest_route=%2Fwp%2Fv2%2Fproduct_tag&post=1408"}],"curies":[{"name":"wp","href":"https:\/\/api.w.org\/{rel}","templated":true}]}}