{"id":1416,"date":"2023-09-06T19:27:24","date_gmt":"2023-09-06T19:27:24","guid":{"rendered":"https:\/\/straton.pt\/?post_type=product&#038;p=1416"},"modified":"2025-01-19T19:26:42","modified_gmt":"2025-01-19T19:26:42","slug":"cadeira-de-banho-giratoria-apoios-de-bracos-encosto-360","status":"publish","type":"product","link":"https:\/\/straton.pt\/?product=cadeira-de-banho-giratoria-apoios-de-bracos-encosto-360","title":{"rendered":"Cadeira de banho girat\u00f3ria, apoios de bra\u00e7os, encosto, 360"},"content":{"rendered":"<p>Este produto de apoio ao banho, que facilita as tarefas de higiene pessoal, permite ao utilizador mudar de posi\u00e7\u00e3o facilmente e sem risco.<\/p>\n<p>Este tipo de cadeira de banho Lago \u00e9 particularmente adequada para pessoas com mobilidade reduzida que necessitam de ajuda na hora da sua higiene pessoal, que apoia o momento da higieniza\u00e7\u00e3o e proporciona mobilidade total. A cadeira de banho girat\u00f3ria \u00e9 resistente \u00e0 \u00e1gua.<\/p>\n<p>A sua composi\u00e7\u00e3o e o design desta cadeira para banho tornam-na uma ajuda com bastante utilidade, uma vez que a fun\u00e7\u00e3o girat\u00f3ria ajuda as pessoas a poderem incorporar-se de uma forma mais simples.<\/p>\n<p>A cadeira de banho para idoso, facilita a higiene e as tarefas do t\u00e9cnico de sa\u00fade. \u00c9 a ajuda perfeita para as pessoas que n\u00e3o podem ficar de p\u00e9 por muito tempo devido a problemas circulat\u00f3rios, fraqueza nas articula\u00e7\u00f5es ou les\u00f5es tempor\u00e1rias.<\/p>\n<p>Dados T\u00e9cnicos da cadeira de banho girat\u00f3ria:<br \/>\nComprimento total: 50 cm<br \/>\nAltura: 53 cm<br \/>\nDist\u00e2ncia entre o assento e a sua base: 17 cm<br \/>\nProfundidade do assento: 40 cm<br \/>\nComprimento do apoio de bra\u00e7o: 23,5 cm<br \/>\nAltura do apoio de bra\u00e7o: 20 cm<br \/>\nTamanho do descanso do assento: 10 cm<br \/>\nPeso m\u00e1ximo suportado: 100 kg<br \/>\nPeso: 4,5 kg.<br \/>\nMaterial: A\u00e7o inoxid\u00e1vel e PP (Polipropileno).<br \/>\nRoda 360.<br \/>\nLargura da cadeira girat\u00f3ria para banheira:<br \/>\nLargura total: 74 cm<br \/>\nLargura do assento: 40 cm<br \/>\nLargura do encosto: 38 cm<\/p>\n","protected":false},"excerpt":{"rendered":"<p>Este produto de apoio ao banho, que facilita as tarefas de higiene pessoal, permite ao utilizador mudar de posi\u00e7\u00e3o facilmente e sem risco. Este tipo de cadeira de banho Lago \u00e9 particularmente adequada para pessoas com mobilidade reduzida que necessitam de ajuda na hora da sua higiene pessoal, que apoia o momento da higieniza\u00e7\u00e3o e &hellip;<\/p>\n<p class=\"read-more\"> <a class=\"\" href=\"https:\/\/straton.pt\/?product=cadeira-de-banho-giratoria-apoios-de-bracos-encosto-360\"> <span class=\"screen-reader-text\">Cadeira de banho girat\u00f3ria, apoios de bra\u00e7os, encosto, 360<\/span> Read More &raquo;<\/a><\/p>\n","protected":false},"featured_media":1417,"template":"","meta":{"site-sidebar-layout":"default","site-content-layout":"","ast-site-content-layout":"default","site-content-style":"default","site-sidebar-style":"default","ast-global-header-display":"","ast-banner-title-visibility":"","ast-main-header-display":"","ast-hfb-above-header-display":"","ast-hfb-below-header-display":"","ast-hfb-mobile-header-display":"","site-post-title":"","ast-breadcrumbs-content":"","ast-featured-img":"","footer-sml-layout":"","theme-transparent-header-meta":"default","adv-header-id-meta":"","stick-header-meta":"","header-above-stick-meta":"","header-main-stick-meta":"","header-below-stick-meta":"","astra-migrate-meta-layouts":"set"},"product_cat":[41],"product_tag":[],"_links":{"self":[{"href":"https:\/\/straton.pt\/index.php?rest_route=\/wp\/v2\/product\/1416"}],"collection":[{"href":"https:\/\/straton.pt\/index.php?rest_route=\/wp\/v2\/product"}],"about":[{"href":"https:\/\/straton.pt\/index.php?rest_route=\/wp\/v2\/types\/product"}],"wp:featuredmedia":[{"embeddable":true,"href":"https:\/\/straton.pt\/index.php?rest_route=\/wp\/v2\/media\/1417"}],"wp:attachment":[{"href":"https:\/\/straton.pt\/index.php?rest_route=%2Fwp%2Fv2%2Fmedia&parent=1416"}],"wp:term":[{"taxonomy":"product_cat","embeddable":true,"href":"https:\/\/straton.pt\/index.php?rest_route=%2Fwp%2Fv2%2Fproduct_cat&post=1416"},{"taxonomy":"product_tag","embeddable":true,"href":"https:\/\/straton.pt\/index.php?rest_route=%2Fwp%2Fv2%2Fproduct_tag&post=1416"}],"curies":[{"name":"wp","href":"https:\/\/api.w.org\/{rel}","templated":true}]}}