{"id":1425,"date":"2023-09-06T19:30:32","date_gmt":"2023-09-06T19:30:32","guid":{"rendered":"https:\/\/straton.pt\/?post_type=product&#038;p=1425"},"modified":"2025-01-19T23:10:17","modified_gmt":"2025-01-19T23:10:17","slug":"colchao-anti-escaras-mobi-2-com-compressor","status":"publish","type":"product","link":"https:\/\/straton.pt\/?product=colchao-anti-escaras-mobi-2-com-compressor","title":{"rendered":"Colch\u00e3o anti-escaras, Mobi 2, com compressor"},"content":{"rendered":"<p>Este colch\u00e3o anti escaras possui c\u00e9lulas alternadas e ajuste de acordo com o peso do paciente. O colch\u00e3o de press\u00e3o alternada possui 20 c\u00e9lulas, com um fluxo de ar entre 6 e 8 litros por minuto, recebendo desta forma o paciente um al\u00edvio constante da press\u00e3o, ativando a circula\u00e7\u00e3o e prevenindo a forma\u00e7\u00e3o de \u00falceras de press\u00e3o.<\/p>\n<p>Este colch\u00e3o de press\u00e3o alternada com compressor azul modelo Mobi 2 \u00e9 indicado para a preven\u00e7\u00e3o de \u00falceras de press\u00e3o de fase II em doentes que passam longos per\u00edodos de tempo na cama. Os cuidados preventivos contra \u00falceras de press\u00e3o ou chagas tamb\u00e9m incluem um bom cuidado da pele, a melhor nutri\u00e7\u00e3o poss\u00edvel e a ado\u00e7\u00e3o de uma boa postura.<\/p>\n<p>Este colch\u00e3o de para idoso acamado tem 20 c\u00e9lulas fornecendo tratamento da mais alta qualidade. O compressor do colch\u00e3o ortop\u00e9dico \u00e9 compacto, confi\u00e1vel e muito silencioso. Al\u00e9m disso, o colch\u00e3o anti escaras pode ser ajustado para a cama e regular a press\u00e3o do mesmo.<\/p>\n<p>\u00c9 feito de nylon e PVC de grau m\u00e9dico da mais alta qualidade e material \u00e0 prova de fogo. O colch\u00e3o terap\u00eautico \u00e9 f\u00e1cilmente limpo e o compressor \u00e9 f\u00e1cil de usar.<\/p>\n<p>Carater\u00edsticas t\u00e9cnicas do compressor do colch\u00e3o para doentes acamados:<br \/>\nPot\u00eancia: AC 220V 50 Hz, 0.1A<br \/>\nFluxo de ar: 6-8 litros\/minuto<br \/>\nFaixa de press\u00e3o: 40- 100mmHg<br \/>\nDura\u00e7\u00e3o do ciclo: 6 minutos<br \/>\nDecib\u00e9is: 33 &#8211; 34 dB<br \/>\nMedidas: 23cm de comprimento x 11,5cm de largura x 10cm de altura<br \/>\nPeso: 1 kg<br \/>\nDimens\u00f5es do colch\u00e3o de press\u00e3o alternada:<br \/>\nCor: Azul<br \/>\nFase I e II das \u00falceras de press\u00e3o<br \/>\nMaterial: Nylon e PVC<br \/>\nSem l\u00e1tex<br \/>\nMedidas cheio: 200 x 86 x 9,5 cm<br \/>\nMedidas desinchado: 209 x 94 cm<br \/>\nEquipado com 20 c\u00e9lulas<br \/>\nPeso: 3,30 kg<br \/>\nPeso m\u00e1ximo do utilizador: 140 kg<br \/>\nOs colch\u00f5es anti-escaras N\u00c3O podem ser devolvidos depois de o colch\u00e3o ter sido insuflado. Para a devolu\u00e7\u00e3o deste produto, a embalagem original deve estar intacta.<\/p>\n","protected":false},"excerpt":{"rendered":"<p>Este colch\u00e3o anti escaras possui c\u00e9lulas alternadas e ajuste de acordo com o peso do paciente. O colch\u00e3o de press\u00e3o alternada possui 20 c\u00e9lulas, com um fluxo de ar entre 6 e 8 litros por minuto, recebendo desta forma o paciente um al\u00edvio constante da press\u00e3o, ativando a circula\u00e7\u00e3o e prevenindo a forma\u00e7\u00e3o de \u00falceras &hellip;<\/p>\n<p class=\"read-more\"> <a class=\"\" href=\"https:\/\/straton.pt\/?product=colchao-anti-escaras-mobi-2-com-compressor\"> <span class=\"screen-reader-text\">Colch\u00e3o anti-escaras, Mobi 2, com compressor<\/span> Read More &raquo;<\/a><\/p>\n","protected":false},"featured_media":1426,"template":"","meta":{"site-sidebar-layout":"default","site-content-layout":"","ast-site-content-layout":"default","site-content-style":"default","site-sidebar-style":"default","ast-global-header-display":"","ast-banner-title-visibility":"","ast-main-header-display":"","ast-hfb-above-header-display":"","ast-hfb-below-header-display":"","ast-hfb-mobile-header-display":"","site-post-title":"","ast-breadcrumbs-content":"","ast-featured-img":"","footer-sml-layout":"","theme-transparent-header-meta":"default","adv-header-id-meta":"","stick-header-meta":"","header-above-stick-meta":"","header-main-stick-meta":"","header-below-stick-meta":"","astra-migrate-meta-layouts":"set"},"product_cat":[43],"product_tag":[],"_links":{"self":[{"href":"https:\/\/straton.pt\/index.php?rest_route=\/wp\/v2\/product\/1425"}],"collection":[{"href":"https:\/\/straton.pt\/index.php?rest_route=\/wp\/v2\/product"}],"about":[{"href":"https:\/\/straton.pt\/index.php?rest_route=\/wp\/v2\/types\/product"}],"wp:featuredmedia":[{"embeddable":true,"href":"https:\/\/straton.pt\/index.php?rest_route=\/wp\/v2\/media\/1426"}],"wp:attachment":[{"href":"https:\/\/straton.pt\/index.php?rest_route=%2Fwp%2Fv2%2Fmedia&parent=1425"}],"wp:term":[{"taxonomy":"product_cat","embeddable":true,"href":"https:\/\/straton.pt\/index.php?rest_route=%2Fwp%2Fv2%2Fproduct_cat&post=1425"},{"taxonomy":"product_tag","embeddable":true,"href":"https:\/\/straton.pt\/index.php?rest_route=%2Fwp%2Fv2%2Fproduct_tag&post=1425"}],"curies":[{"name":"wp","href":"https:\/\/api.w.org\/{rel}","templated":true}]}}