{"id":1442,"date":"2023-09-19T11:54:27","date_gmt":"2023-09-19T11:54:27","guid":{"rendered":"https:\/\/straton.pt\/?post_type=product&#038;p=1442"},"modified":"2025-01-19T23:17:41","modified_gmt":"2025-01-19T23:17:41","slug":"oximetro-de-pulso-de-dedo","status":"publish","type":"product","link":"https:\/\/straton.pt\/?product=oximetro-de-pulso-de-dedo","title":{"rendered":"Ox\u00edmetro de pulso de dedo"},"content":{"rendered":"<h2><strong>MEDIR O OXIG\u00c9NIO NO SANGUE NUNCA FOI T\u00c3O CONFORT\u00c1VEL COM ESTE OX\u00cdMETRO DE PULSO<\/strong><\/h2>\n<p>Este\u00a0<strong>ox\u00edmetro de pulso dedo leve<\/strong>\u00a0e simples mede com precis\u00e3o a concentra\u00e7\u00e3o de oxig\u00eanio arterial (spO2) e as pulsa\u00e7\u00f5es (frequ\u00eancia card\u00edaca). \u00c9 recomendado para crian\u00e7as e adultos com insufici\u00eancia card\u00edaca, doen\u00e7as pulmonares obstrutivas cr\u00f3nicas, asma br\u00f4nquica, etc.<\/p>\n<p>Este<strong>\u00a0ox\u00edmetro de pulso<\/strong>\u00a0tamb\u00e9m pode ser usado por pessoas com doen\u00e7as dos vasos sangu\u00edneos, idosos, viciados em \u00e1lcool, trabalhadores em \u00e1reas elevadas, pessoas doentes ou pessoas que s\u00f3 se preocupam com sua sa\u00fade e querem cuidar de si mesmos. \u00c9 um\u00a0<strong>ox\u00edmetro de pulso port\u00e1til<\/strong>, leve e f\u00e1cil de usar.<\/p>\n<h2><strong>Estas s\u00e3o algumas das suas caracter\u00edsticas:<\/strong><\/h2>\n<ul>\n<li>Possui um visor OLED de cor dupla 0,96 (azul e amarelo).<\/li>\n<li>Neste \u00e9cran, voc\u00ea pode visualizar a concentra\u00e7\u00e3o arterial de oxig\u00eanio (spO2) e a frequ\u00eancia card\u00edaca por meio de um gr\u00e1fico de barras e uma forma de onda de pulso. Al\u00e9m disso, o brilho da tela \u00e9 ajust\u00e1vel.<\/li>\n<li>Mede com precis\u00e3o SpO2 e pulso e desliga-se automaticamente se o dedo n\u00e3o for detectado durante 5 segundos.<\/li>\n<li>A faixa de medi\u00e7\u00e3o deste<strong>\u00a0ox\u00edmetro de pulso dedo<\/strong>\u00a0\u00e9 de 30 ppm ~ 250 ppm e exibe o resultado com uma onda ou barra pletismogr\u00e1fica no visor OLED.<\/li>\n<li>Trabalha com duas pilhas AAA (inclu\u00eddas) que permitem uma autonomia de 20 horas e tem um consumo de menos de 25 mA.<\/li>\n<li>Bateria de baixo consumo com indica\u00e7\u00e3o do n\u00edvel de carga.<\/li>\n<li>Quatro indicadores e seis modos de exibi\u00e7\u00e3o.<\/li>\n<li>O modo de exibi\u00e7\u00e3o pode ser salvo ap\u00f3s o desligamento.<\/li>\n<li>Al\u00e9m disso, gra\u00e7as ao seu cord\u00e3o de suspens\u00e3o e bolsa de transporte, este\u00a0<strong>ox\u00edmetro de pulso<\/strong>\u00a0<strong>de<\/strong>\u00a0<strong>dedo<\/strong>\u00a0\u00e9 muito adequado para transportar e usar em qualquer lugar.<\/li>\n<\/ul>\n<p>Esse<strong>\u00a0ox\u00edmetro de pulso<\/strong>\u00a0oferece bom desempenho e confiabilidade na monitora\u00e7\u00e3o constante da frequ\u00eancia card\u00edaca e da concentra\u00e7\u00e3o de<strong>\u00a0oxig\u00eanio arterial no sangue<\/strong>. \u00c9 muito pr\u00e1tico e voc\u00ea pode obt\u00ea-lo a um dos melhores pre\u00e7os do mercado. N\u00e3o fique sem ele!<\/p>\n<p>*Para um n\u00edvel de SpO2 de 92% ou inferior, recomenda-se a consulta a um especialista.<\/p>\n<h2><strong>Caracter\u00edsticas t\u00e9cnicas do ox\u00edmetro de pulso:<\/strong><\/h2>\n<ul>\n<li>Dimens\u00f5es: 3,6(L) x 6,1(L) x 3,2(H)cm<\/li>\n<li>Faixa de medi\u00e7\u00e3o: 0%~100% &#8211; Pulso: 30bpm~250bpm<\/li>\n<li>M\u00e9todo de medi\u00e7\u00e3o: Medi\u00e7\u00e3o n\u00e3o invasiva da concentra\u00e7\u00e3o de oxig\u00eanio arterial de hemoglobina e pulso no dedo.<\/li>\n<li>Precis\u00e3o: SpO2 70 &#8211; 100%, } 2%.<\/li>\n<li>Press\u00e3o atmosf\u00e9rica: 70kpa~106kpa<\/li>\n<li>Temperatura: 10~40\u00baC<\/li>\n<li>Tens\u00e3o: DC 2.6V~3.6V<\/li>\n<li>Umidade: 75%<\/li>\n<li>Peso: 60 gramas (com pilhas).<\/li>\n<\/ul>\n","protected":false},"excerpt":{"rendered":"<p>MEDIR O OXIG\u00c9NIO NO SANGUE NUNCA FOI T\u00c3O CONFORT\u00c1VEL COM ESTE OX\u00cdMETRO DE PULSO Este\u00a0ox\u00edmetro de pulso dedo leve\u00a0e simples mede com precis\u00e3o a concentra\u00e7\u00e3o de oxig\u00eanio arterial (spO2) e as pulsa\u00e7\u00f5es (frequ\u00eancia card\u00edaca). \u00c9 recomendado para crian\u00e7as e adultos com insufici\u00eancia card\u00edaca, doen\u00e7as pulmonares obstrutivas cr\u00f3nicas, asma br\u00f4nquica, etc. Este\u00a0ox\u00edmetro de pulso\u00a0tamb\u00e9m pode ser &hellip;<\/p>\n<p class=\"read-more\"> <a class=\"\" href=\"https:\/\/straton.pt\/?product=oximetro-de-pulso-de-dedo\"> <span class=\"screen-reader-text\">Ox\u00edmetro de pulso de dedo<\/span> Read More &raquo;<\/a><\/p>\n","protected":false},"featured_media":1443,"template":"","meta":{"site-sidebar-layout":"default","site-content-layout":"","ast-site-content-layout":"default","site-content-style":"default","site-sidebar-style":"default","ast-global-header-display":"","ast-banner-title-visibility":"","ast-main-header-display":"","ast-hfb-above-header-display":"","ast-hfb-below-header-display":"","ast-hfb-mobile-header-display":"","site-post-title":"","ast-breadcrumbs-content":"","ast-featured-img":"","footer-sml-layout":"","theme-transparent-header-meta":"default","adv-header-id-meta":"","stick-header-meta":"","header-above-stick-meta":"","header-main-stick-meta":"","header-below-stick-meta":"","astra-migrate-meta-layouts":"set"},"product_cat":[40],"product_tag":[],"_links":{"self":[{"href":"https:\/\/straton.pt\/index.php?rest_route=\/wp\/v2\/product\/1442"}],"collection":[{"href":"https:\/\/straton.pt\/index.php?rest_route=\/wp\/v2\/product"}],"about":[{"href":"https:\/\/straton.pt\/index.php?rest_route=\/wp\/v2\/types\/product"}],"wp:featuredmedia":[{"embeddable":true,"href":"https:\/\/straton.pt\/index.php?rest_route=\/wp\/v2\/media\/1443"}],"wp:attachment":[{"href":"https:\/\/straton.pt\/index.php?rest_route=%2Fwp%2Fv2%2Fmedia&parent=1442"}],"wp:term":[{"taxonomy":"product_cat","embeddable":true,"href":"https:\/\/straton.pt\/index.php?rest_route=%2Fwp%2Fv2%2Fproduct_cat&post=1442"},{"taxonomy":"product_tag","embeddable":true,"href":"https:\/\/straton.pt\/index.php?rest_route=%2Fwp%2Fv2%2Fproduct_tag&post=1442"}],"curies":[{"name":"wp","href":"https:\/\/api.w.org\/{rel}","templated":true}]}}