{"id":1536,"date":"2023-11-06T19:47:08","date_gmt":"2023-11-06T19:47:08","guid":{"rendered":"https:\/\/straton.pt\/?post_type=product&#038;p=1536"},"modified":"2024-05-28T10:02:59","modified_gmt":"2024-05-28T10:02:59","slug":"encosto-para-cama-com-costas-regulavel","status":"publish","type":"product","link":"https:\/\/straton.pt\/?product=encosto-para-cama-com-costas-regulavel","title":{"rendered":"Encosto para cama, com costas, regul\u00e1vel"},"content":{"rendered":"<p>Realizar atividades b\u00e1sicas tais como sair da cama ou simplesmente deitar-se \u00e9 dif\u00edcil e desconfort\u00e1vel para os idosos, acamados, ou pessoas com mobilidade reduzida. Estas barreiras impedem a mobilidade e o descanso enquanto limitam as atividades di\u00e1rias, tais como ler, mudar de posi\u00e7\u00e3o para comer.<\/p>\n<p>Para estas situa\u00e7\u00f5es, um dos artigos ortop\u00e9dicos mais exigidos \u00e9 o Adjustable Bed Incorporador , um produto ortop\u00e9dico barato que n\u00e3o s\u00f3 melhora a qualidade de vida das pessoas dependentes, mas tamb\u00e9m facilita a tarefa dos seus cuidadores.<\/p>\n<p>\u00c9 um incorporador traseiro ajust\u00e1vel que oferece uma inclina\u00e7\u00e3o de 45 a 60, permitindo assim que as pessoas acamadas possam realizar atividades di\u00e1rias.<\/p>\n<p>Quando movimentos simples podem ser um problema real na cama, comprar um apoio de costas pode ser a solu\u00e7\u00e3o, uma vez que est\u00e1 provado que as pessoas na cama n\u00e3o s\u00f3 precisam de conforto e conveni\u00eancia, mas tamb\u00e9m de mobilidade e integra\u00e7\u00e3o.<\/p>\n<p>N\u00e3o deixe os seus familiares e pacientes desistirem de atividades divertidas devido \u00e0 falta de mobilidade, compre j\u00e1 um incorporador de cama e apoie o seu progresso e integra\u00e7\u00e3o social.<\/p>\n<p>A possibilidade de mudar de posi\u00e7\u00e3o em diferentes graus de inclina\u00e7\u00e3o favorece atividades recreativas tais como: ler, comer, levantar-se para ver televis\u00e3o, levantar-se para atender os visitantes ou simplesmente para desfrutar da vista na cama.<\/p>\n<p>Caracter\u00edsticas not\u00e1veis deste elevador de costas:<br \/>\nEquipado com uma pequena almofada para o m\u00e1ximo conforto.<br \/>\nO encosto \u00e9 ajustado por meio de um simples sistema de catraca.<br \/>\nF\u00e1cil de arrumar e rapidamente armazenado.<br \/>\nDobra-se completamente de modo a ocupar pouco espa\u00e7o.<br \/>\nLav\u00e1vel.<br \/>\nEstofos em nylon que lhe permitem respirar.<br \/>\nDados t\u00e9cnicos:<br \/>\nDimens\u00f5es do incorporador dobrado: 61 x 61 x 7 cm<br \/>\nAltura m\u00e1xima: 57 cm<br \/>\nAltura m\u00ednima: 30 cm<br \/>\nPeso m\u00e1ximo suportado: 200 kg<\/p>\n","protected":false},"excerpt":{"rendered":"<p>Realizar atividades b\u00e1sicas tais como sair da cama ou simplesmente deitar-se \u00e9 dif\u00edcil e desconfort\u00e1vel para os idosos, acamados, ou pessoas com mobilidade reduzida. Estas barreiras impedem a mobilidade e o descanso enquanto limitam as atividades di\u00e1rias, tais como ler, mudar de posi\u00e7\u00e3o para comer. Para estas situa\u00e7\u00f5es, um dos artigos ortop\u00e9dicos mais exigidos \u00e9 &hellip;<\/p>\n<p class=\"read-more\"> <a class=\"\" href=\"https:\/\/straton.pt\/?product=encosto-para-cama-com-costas-regulavel\"> <span class=\"screen-reader-text\">Encosto para cama, com costas, regul\u00e1vel<\/span> Read More &raquo;<\/a><\/p>\n","protected":false},"featured_media":1542,"template":"","meta":{"site-sidebar-layout":"default","site-content-layout":"","ast-site-content-layout":"default","site-content-style":"default","site-sidebar-style":"default","ast-global-header-display":"","ast-banner-title-visibility":"","ast-main-header-display":"","ast-hfb-above-header-display":"","ast-hfb-below-header-display":"","ast-hfb-mobile-header-display":"","site-post-title":"","ast-breadcrumbs-content":"","ast-featured-img":"","footer-sml-layout":"","theme-transparent-header-meta":"default","adv-header-id-meta":"","stick-header-meta":"","header-above-stick-meta":"","header-main-stick-meta":"","header-below-stick-meta":"","astra-migrate-meta-layouts":"set"},"product_cat":[42],"product_tag":[],"_links":{"self":[{"href":"https:\/\/straton.pt\/index.php?rest_route=\/wp\/v2\/product\/1536"}],"collection":[{"href":"https:\/\/straton.pt\/index.php?rest_route=\/wp\/v2\/product"}],"about":[{"href":"https:\/\/straton.pt\/index.php?rest_route=\/wp\/v2\/types\/product"}],"wp:featuredmedia":[{"embeddable":true,"href":"https:\/\/straton.pt\/index.php?rest_route=\/wp\/v2\/media\/1542"}],"wp:attachment":[{"href":"https:\/\/straton.pt\/index.php?rest_route=%2Fwp%2Fv2%2Fmedia&parent=1536"}],"wp:term":[{"taxonomy":"product_cat","embeddable":true,"href":"https:\/\/straton.pt\/index.php?rest_route=%2Fwp%2Fv2%2Fproduct_cat&post=1536"},{"taxonomy":"product_tag","embeddable":true,"href":"https:\/\/straton.pt\/index.php?rest_route=%2Fwp%2Fv2%2Fproduct_tag&post=1536"}],"curies":[{"name":"wp","href":"https:\/\/api.w.org\/{rel}","templated":true}]}}