{"id":1537,"date":"2023-11-06T19:48:20","date_gmt":"2023-11-06T19:48:20","guid":{"rendered":"https:\/\/straton.pt\/?post_type=product&#038;p=1537"},"modified":"2025-01-19T19:42:52","modified_gmt":"2025-01-19T19:42:52","slug":"andarilho-com-4-rodas-dobravel","status":"publish","type":"product","link":"https:\/\/straton.pt\/?product=andarilho-com-4-rodas-dobravel","title":{"rendered":"Andarilho Trajano com 4 rodas, dobr\u00e1vel"},"content":{"rendered":"<p>Se est\u00e1 a ter problemas para se mover e est\u00e1 a ficar cada vez mais dif\u00edcil sair de casa, o andarilho \u00e9 a sua solu\u00e7\u00e3o. Particularmente adequado para pessoas com mobilidade reduzida ou para idosos, este andarilho com rodas e assento dar-lhes-\u00e1 a estabilidade de que necessitam gra\u00e7as \u00e0s suas quatro rodas robustas de 20 cm de di\u00e2metro.<\/p>\n<p>O desenho deste andarilho para idosos \u00e9 elegante e permitir\u00e1 que v\u00e1 a qualquer lugar com ele. Gra\u00e7as ao facto de ser de alum\u00ednio com acabamento azul, o andarilho com assento \u00e9 muito leve, pesando apenas 7,3 kg. A altura do andador \u00e9 ajust\u00e1vel de 83 a 95 cm e gra\u00e7as a este recurso pode adapt\u00e1-lo \u00e0s suas necessidades de forma r\u00e1pida e f\u00e1cil.<\/p>\n<p>Al\u00e9m disso, o sistema de trav\u00f5es do andarilho com rodas que se ativa nos punhos vai fazer com se sinta seguro em todos os momentos. N\u00e3o s\u00f3 ser\u00e1 capaz de bloquear os trav\u00f5es enquanto est\u00e1 em movimento, como tamb\u00e9m os poder\u00e1 bloquear quando estiver sentado.<\/p>\n<p>Este andarilho com rodas e assento proporcionar-lhe-\u00e1 o m\u00e1ximo conforto, pois inclu\u00ed um assento com encosto, para que possa descansar sempre que precisar, e um cesto de compras, para que possa fazer qualquer tipo de recado sem ter de se preocupar com o transporte de objetos. Al\u00e9m disso possui tamb\u00e9m um porta-bagagens para que possa levar os seus bens e o seu andarilho articulado onde quer que v\u00e1.<\/p>\n<p>Caracter\u00edsticas t\u00e9cnicas do andarilho com rodas:<br \/>\nAltura (M\u00e1x &#8211; M\u00edn): 95 &#8211; 83 cm.<br \/>\nRodas Maci\u00e7as<br \/>\nRaios PVC<br \/>\nDi\u00e2metro rodas: 20 cm.<br \/>\nMaterial: Alum\u00ednio.<br \/>\nCor: Celeste.<br \/>\nPeso m\u00e1ximo: 100 kg.<br \/>\nPeso do andarilho: 7,3 Kg.<br \/>\nMedidas do andarilho com rodas:<br \/>\nAltura (M\u00e1x &#8211; M\u00edn): 95 &#8211; 83 cm.<br \/>\nLargura total: 58 cm.<br \/>\nComprimento: 76,5 cm.<br \/>\nLargura dobrado: 25 cm.<br \/>\nLargura entre punhos: 43,5 cm.<br \/>\nMedidas do assento (largura x comprimento): 45,6 x 25,2 cm.<br \/>\nAltura do solo ao assento: 53,5 cm.<br \/>\nCesta (largura x comprimento): 38,5 x 31,5 cm.<br \/>\nAltura do encosto respetivamente ao assento (M\u00e1x. &#8211; min): 39,5 &#8211; 27,5 cm.<\/p>\n","protected":false},"excerpt":{"rendered":"<p>Se est\u00e1 a ter problemas para se mover e est\u00e1 a ficar cada vez mais dif\u00edcil sair de casa, o andarilho \u00e9 a sua solu\u00e7\u00e3o. Particularmente adequado para pessoas com mobilidade reduzida ou para idosos, este andarilho com rodas e assento dar-lhes-\u00e1 a estabilidade de que necessitam gra\u00e7as \u00e0s suas quatro rodas robustas de 20 &hellip;<\/p>\n<p class=\"read-more\"> <a class=\"\" href=\"https:\/\/straton.pt\/?product=andarilho-com-4-rodas-dobravel\"> <span class=\"screen-reader-text\">Andarilho Trajano com 4 rodas, dobr\u00e1vel<\/span> Read More &raquo;<\/a><\/p>\n","protected":false},"featured_media":1540,"template":"","meta":{"site-sidebar-layout":"default","site-content-layout":"","ast-site-content-layout":"default","site-content-style":"default","site-sidebar-style":"default","ast-global-header-display":"","ast-banner-title-visibility":"","ast-main-header-display":"","ast-hfb-above-header-display":"","ast-hfb-below-header-display":"","ast-hfb-mobile-header-display":"","site-post-title":"","ast-breadcrumbs-content":"","ast-featured-img":"","footer-sml-layout":"","theme-transparent-header-meta":"default","adv-header-id-meta":"","stick-header-meta":"","header-above-stick-meta":"","header-main-stick-meta":"","header-below-stick-meta":"","astra-migrate-meta-layouts":"set"},"product_cat":[38],"product_tag":[],"_links":{"self":[{"href":"https:\/\/straton.pt\/index.php?rest_route=\/wp\/v2\/product\/1537"}],"collection":[{"href":"https:\/\/straton.pt\/index.php?rest_route=\/wp\/v2\/product"}],"about":[{"href":"https:\/\/straton.pt\/index.php?rest_route=\/wp\/v2\/types\/product"}],"wp:featuredmedia":[{"embeddable":true,"href":"https:\/\/straton.pt\/index.php?rest_route=\/wp\/v2\/media\/1540"}],"wp:attachment":[{"href":"https:\/\/straton.pt\/index.php?rest_route=%2Fwp%2Fv2%2Fmedia&parent=1537"}],"wp:term":[{"taxonomy":"product_cat","embeddable":true,"href":"https:\/\/straton.pt\/index.php?rest_route=%2Fwp%2Fv2%2Fproduct_cat&post=1537"},{"taxonomy":"product_tag","embeddable":true,"href":"https:\/\/straton.pt\/index.php?rest_route=%2Fwp%2Fv2%2Fproduct_tag&post=1537"}],"curies":[{"name":"wp","href":"https:\/\/api.w.org\/{rel}","templated":true}]}}