{"id":1551,"date":"2023-11-26T23:58:17","date_gmt":"2023-11-26T23:58:17","guid":{"rendered":"https:\/\/straton.pt\/?post_type=product&#038;p=1551"},"modified":"2025-01-19T19:41:01","modified_gmt":"2025-01-19T19:41:01","slug":"cadeira-de-rodas-dobravel-roda-grande","status":"publish","type":"product","link":"https:\/\/straton.pt\/?product=cadeira-de-rodas-dobravel-roda-grande","title":{"rendered":"Cadeira de rodas Alcazaba, dobr\u00e1vel, roda grande"},"content":{"rendered":"<p><strong>A cadeira<\/strong>\u00a0&#8216;Alcazaba&#8217; \u00e9 uma cadeira de rodas tradicional, mas destaca-se pela seguran\u00e7a e durabilidade. Suas medidas e sua facilidade de transporte tornam-no uma das op\u00e7\u00f5es mais adequadas para todos os tipos de pacientes.<br \/>\nAlgumas das caracter\u00edsticas que se destacam neste\u00a0<strong>modelo de cadeira de rodas dobr\u00e1vel<\/strong>\u00a0&#8216;Alcazaba&#8217; s\u00e3o o f\u00e1cil manuseio e grande conforto devido \u00e0 largura da cadeira e seu encosto ergon\u00f4mico. Por outro lado, os seus apoios de bra\u00e7os e p\u00e9s em conjunto com o a\u00e7o utilizado e o tecido ign\u00edfugo d\u00e3o origem a uma cadeira simples e resistente.<\/p>\n<p>Por outro lado, \u00e9 muito f\u00e1cil de dobrar, por isso \u00e9 perfeita para transportar em qualquer lugar e transporte. Tem um grande saco para cadeiras de rodas que nos d\u00e1 espa\u00e7o extra de armazenamento.<\/p>\n<p>O\u00a0<strong>modelo de cadeira de rodas ortop\u00e9dica<\/strong>\u00a0&#8216;Alcazaba&#8217; \u00e9 um estilo de cadeira que se destaca pelo seu grande conforto e acabamento. Seu assento e encosto ergon\u00f4micos permitem que voc\u00ea veja que se trata de uma\u00a0<strong>cadeira de rodas moderna<\/strong>\u00a0, pr\u00e1tica e confort\u00e1vel. As rodas s\u00e3o s\u00f3lidas e n\u00e3o precisam ser infladas, por isso s\u00e3o mais resistentes que as rodas pneum\u00e1ticas tradicionais.<\/p>\n<p>Por\u00e9m, os apoios para os p\u00e9s da\u00a0<strong>cadeira de rodas Alcazaba para idosos<\/strong>\u00a0s\u00e3o apertados com um parafuso localizado na extremidade do tubo e para isso deve ser utilizada a chave inglesa inclu\u00edda no produto. No caso de desejar ajustar a altura dos apoios para os p\u00e9s ou se os apoios para os p\u00e9s se soltarem, este parafuso deve ser apertado.<\/p>\n<h2><strong>Caracter\u00edsticas t\u00e9cnicas da cadeira de rodas leve:<\/strong><\/h2>\n<ul>\n<li>Material: A\u00e7o<\/li>\n<li>Rodas S\u00f3lidas<\/li>\n<li>Raios de alum\u00ednio<\/li>\n<li>Altura: 86 cm<\/li>\n<li>Largura total (rodas inclu\u00eddas): 64 cm<\/li>\n<li>Largura dobrada: 22 cm<\/li>\n<li>Di\u00e2metro da roda traseira: 24 &#8220;<\/li>\n<li>Di\u00e2metro da roda dianteira: 8 &#8220;<\/li>\n<li>Altura para sentar: 48 cm<\/li>\n<li>Dist\u00e2ncia entre punhos: 45 cm<\/li>\n<li>Comprimento do bra\u00e7o: 34 cm<\/li>\n<li>Comprimento da cadeira: 100cm<\/li>\n<li>Largura do assento: 46 cm<\/li>\n<li>Comprimento do assento: 44 cm<\/li>\n<li>Comprimento do encosto: 44 cm<\/li>\n<li>Altura dos apoios de bra\u00e7os a partir do assento: 29,3 cm<\/li>\n<li>Largura entre os apoios de bra\u00e7os: 53,8 cm, comprimento: 34,3 cm<\/li>\n<li>Largura do encosto: 40cm<\/li>\n<li>Peso: 16,10 Kg<\/li>\n<li>Peso m\u00e1ximo: 100 Kg<\/li>\n<li>Dispon\u00edvel em v\u00e1rias cores.<\/li>\n<\/ul>\n","protected":false},"excerpt":{"rendered":"<p>A cadeira\u00a0&#8216;Alcazaba&#8217; \u00e9 uma cadeira de rodas tradicional, mas destaca-se pela seguran\u00e7a e durabilidade. Suas medidas e sua facilidade de transporte tornam-no uma das op\u00e7\u00f5es mais adequadas para todos os tipos de pacientes. Algumas das caracter\u00edsticas que se destacam neste\u00a0modelo de cadeira de rodas dobr\u00e1vel\u00a0&#8216;Alcazaba&#8217; s\u00e3o o f\u00e1cil manuseio e grande conforto devido \u00e0 largura &hellip;<\/p>\n<p class=\"read-more\"> <a class=\"\" href=\"https:\/\/straton.pt\/?product=cadeira-de-rodas-dobravel-roda-grande\"> <span class=\"screen-reader-text\">Cadeira de rodas Alcazaba, dobr\u00e1vel, roda grande<\/span> Read More &raquo;<\/a><\/p>\n","protected":false},"featured_media":1552,"template":"","meta":{"site-sidebar-layout":"default","site-content-layout":"","ast-site-content-layout":"default","site-content-style":"default","site-sidebar-style":"default","ast-global-header-display":"","ast-banner-title-visibility":"","ast-main-header-display":"","ast-hfb-above-header-display":"","ast-hfb-below-header-display":"","ast-hfb-mobile-header-display":"","site-post-title":"","ast-breadcrumbs-content":"","ast-featured-img":"","footer-sml-layout":"","theme-transparent-header-meta":"default","adv-header-id-meta":"","stick-header-meta":"","header-above-stick-meta":"","header-main-stick-meta":"","header-below-stick-meta":"","astra-migrate-meta-layouts":"set"},"product_cat":[29],"product_tag":[],"_links":{"self":[{"href":"https:\/\/straton.pt\/index.php?rest_route=\/wp\/v2\/product\/1551"}],"collection":[{"href":"https:\/\/straton.pt\/index.php?rest_route=\/wp\/v2\/product"}],"about":[{"href":"https:\/\/straton.pt\/index.php?rest_route=\/wp\/v2\/types\/product"}],"wp:featuredmedia":[{"embeddable":true,"href":"https:\/\/straton.pt\/index.php?rest_route=\/wp\/v2\/media\/1552"}],"wp:attachment":[{"href":"https:\/\/straton.pt\/index.php?rest_route=%2Fwp%2Fv2%2Fmedia&parent=1551"}],"wp:term":[{"taxonomy":"product_cat","embeddable":true,"href":"https:\/\/straton.pt\/index.php?rest_route=%2Fwp%2Fv2%2Fproduct_cat&post=1551"},{"taxonomy":"product_tag","embeddable":true,"href":"https:\/\/straton.pt\/index.php?rest_route=%2Fwp%2Fv2%2Fproduct_tag&post=1551"}],"curies":[{"name":"wp","href":"https:\/\/api.w.org\/{rel}","templated":true}]}}