{"id":1554,"date":"2023-11-27T00:08:09","date_gmt":"2023-11-27T00:08:09","guid":{"rendered":"https:\/\/straton.pt\/?post_type=product&#038;p=1554"},"modified":"2025-02-17T22:04:51","modified_gmt":"2025-02-17T22:04:51","slug":"equipamento-de-musculacao","status":"publish","type":"product","link":"https:\/\/straton.pt\/?product=equipamento-de-musculacao","title":{"rendered":"Equipamento de muscula\u00e7\u00e3o"},"content":{"rendered":"<p>O\u00a0<strong>equipamento de muscula\u00e7\u00e3o<\/strong>\u00a0VitalFit oferece um treino completo em uma \u00fanica m\u00e1quina. Este aparelho de alongamento muscular permite trabalhar diferentes partes do corpo ao mesmo tempo, para que voc\u00ea possa perder peso, tonificar e fortalecer os m\u00fasculos enquanto ganha resist\u00eancia. Voc\u00ea pode ter sua pr\u00f3pria academia sem precisar sair de casa!<\/p>\n<p>Seu design ergon\u00f3mico e moderno oferece dupla funcionalidade, pois \u00e9 um aparelho confort\u00e1vel com assento acolchoado e f\u00e1cil de transportar e usar. Gra\u00e7as \u00e0 sua op\u00e7\u00e3o dobr\u00e1vel, poder\u00e1 utilizar diretamente em casa ou mesmo no jardim sem ocupar muito espa\u00e7o. Al\u00e9m disso, para promover o conforto do utilizador, o seu guiador pode ser ajustado em 4 n\u00edveis diferentes (de 28 a 43 cm).<\/p>\n<p>Este aparelho \u00e9 tudo que voc\u00ea precisa para realizar um\u00a0<strong>treino multifuncional<\/strong>\u00a0sem sair de casa. Atrav\u00e9s de suas diferentes configura\u00e7\u00f5es voc\u00ea pode exercitar:<\/p>\n<ul>\n<li>Ombros e costas<\/li>\n<li>Peito e tr\u00edceps<\/li>\n<li>B\u00edceps<\/li>\n<li>N\u00e1degas<\/li>\n<li>Abd\u00f3men<\/li>\n<li>Pernas<\/li>\n<\/ul>\n<p>O\u00a0<strong>equipamento de alongamento<\/strong>\u00a0VitalFit garante seguran\u00e7a e estabilidade durante o uso devido \u00e0s suas pernas antiderrapantes e \u00e0 sua capacidade de carga de at\u00e9 100 kg. Utilizando o seu monitor integrado tamb\u00e9m poder\u00e1 manter um controlo rigoroso do seu treino com indicadores de tempo, velocidade, dist\u00e2ncia e calorias. Obtenha e expanda sua rotina de exerc\u00edcios!<\/p>\n<h2><strong>Principais caracter\u00edsticas do produto:<\/strong><\/h2>\n<ul>\n<li>Dimens\u00f5es 77 x 45,8 x 132\/145,5<\/li>\n<li>Guiador ajust\u00e1vel em 4 n\u00edveis de 28 &#8211; 33 &#8211; 38 &#8211; 43 cm<\/li>\n<li>Cores: cinza + vermelho<\/li>\n<li>Material: a\u00e7o + PVC<\/li>\n<li>Peso do produto: 10,32kg<\/li>\n<li>Peso m\u00e1ximo suportado: 125 kg<\/li>\n<\/ul>\n","protected":false},"excerpt":{"rendered":"<p>O\u00a0equipamento de muscula\u00e7\u00e3o\u00a0VitalFit oferece um treino completo em uma \u00fanica m\u00e1quina. Este aparelho de alongamento muscular permite trabalhar diferentes partes do corpo ao mesmo tempo, para que voc\u00ea possa perder peso, tonificar e fortalecer os m\u00fasculos enquanto ganha resist\u00eancia. Voc\u00ea pode ter sua pr\u00f3pria academia sem precisar sair de casa! Seu design ergon\u00f3mico e moderno &hellip;<\/p>\n<p class=\"read-more\"> <a class=\"\" href=\"https:\/\/straton.pt\/?product=equipamento-de-musculacao\"> <span class=\"screen-reader-text\">Equipamento de muscula\u00e7\u00e3o<\/span> Read More &raquo;<\/a><\/p>\n","protected":false},"featured_media":1555,"template":"","meta":{"site-sidebar-layout":"default","site-content-layout":"","ast-site-content-layout":"default","site-content-style":"default","site-sidebar-style":"default","ast-global-header-display":"","ast-banner-title-visibility":"","ast-main-header-display":"","ast-hfb-above-header-display":"","ast-hfb-below-header-display":"","ast-hfb-mobile-header-display":"","site-post-title":"","ast-breadcrumbs-content":"","ast-featured-img":"","footer-sml-layout":"","theme-transparent-header-meta":"default","adv-header-id-meta":"","stick-header-meta":"","header-above-stick-meta":"","header-main-stick-meta":"","header-below-stick-meta":"","astra-migrate-meta-layouts":"set"},"product_cat":[15],"product_tag":[],"_links":{"self":[{"href":"https:\/\/straton.pt\/index.php?rest_route=\/wp\/v2\/product\/1554"}],"collection":[{"href":"https:\/\/straton.pt\/index.php?rest_route=\/wp\/v2\/product"}],"about":[{"href":"https:\/\/straton.pt\/index.php?rest_route=\/wp\/v2\/types\/product"}],"wp:featuredmedia":[{"embeddable":true,"href":"https:\/\/straton.pt\/index.php?rest_route=\/wp\/v2\/media\/1555"}],"wp:attachment":[{"href":"https:\/\/straton.pt\/index.php?rest_route=%2Fwp%2Fv2%2Fmedia&parent=1554"}],"wp:term":[{"taxonomy":"product_cat","embeddable":true,"href":"https:\/\/straton.pt\/index.php?rest_route=%2Fwp%2Fv2%2Fproduct_cat&post=1554"},{"taxonomy":"product_tag","embeddable":true,"href":"https:\/\/straton.pt\/index.php?rest_route=%2Fwp%2Fv2%2Fproduct_tag&post=1554"}],"curies":[{"name":"wp","href":"https:\/\/api.w.org\/{rel}","templated":true}]}}