{"id":1564,"date":"2023-12-11T11:51:07","date_gmt":"2023-12-11T11:51:07","guid":{"rendered":"https:\/\/straton.pt\/?post_type=product&#038;p=1564"},"modified":"2024-11-12T22:51:46","modified_gmt":"2024-11-12T22:51:46","slug":"cadeira-de-rodas-dobravel-rodas-grandes-traseiras-extraiveis","status":"publish","type":"product","link":"https:\/\/straton.pt\/?product=cadeira-de-rodas-dobravel-rodas-grandes-traseiras-extraiveis","title":{"rendered":"Cadeira de rodas dobr\u00e1vel Marsella, rodas grandes traseiras extra\u00edveis"},"content":{"rendered":"<p>A Marsella \u00e9 uma cadeira de rodas dobr\u00e1vel tradicional, que se destaca pela sua seguran\u00e7a e durabilidade. A sua facilidade de transporte torna-a uma das op\u00e7\u00f5es mais adequadas para todos os tipos de pacientes.<\/p>\n<p>V\u00e1rias caracter\u00edsticas excecionais desta cadeira de rodas leve modelo Marsella s\u00e3o a facilidade de manuseamento e o grande conforto devido ao seu assento largo e ao seu sistema de liberta\u00e7\u00e3o r\u00e1pida para a roda traseira. Al\u00e9m disso, o seu material (a\u00e7o e tecido \u00e0 prova de fogo) torna-a uma cadeira robusta.<\/p>\n<p>A sua f\u00e1cil dobragem gra\u00e7as aos seus apoios de p\u00e9s dobr\u00e1veis e remov\u00edveis e os seus apoios de bra\u00e7os completamente dobr\u00e1veis tornam-no perfeito para levar consigo para qualquer lugar e em qualquer transporte. Tem um bolso traseiro para espa\u00e7o de armazenamento extra.<\/p>\n<p>A cadeira de rodas ortop\u00e9dica modelo &#8216;Marsella&#8217; \u00e9 um estilo de cadeira que se destaca pelo seu grande conforto e acabamento. A sua linha de design e assento ergon\u00f3mico fazem dela uma cadeira de rodas moderna, pr\u00e1tica e confort\u00e1vel. As rodas s\u00e3o s\u00f3lidas e n\u00e3o precisam de ser infladas por isso s\u00e3o mais resistentes do que as rodas pneum\u00e1ticas tradicionais.<\/p>\n<p>Algumas das caracter\u00edsticas mais not\u00e1veis s\u00e3o:<br \/>\nA cadeira de rodas \u00e9 dobr\u00e1vel para facilitar o transporte e armazenamento.<br \/>\nAs rodas s\u00e3o grandes e feitas de borracha s\u00f3lida e podem ser removidas com o premir de um bot\u00e3o (bot\u00e3o de liberta\u00e7\u00e3o r\u00e1pida).<br \/>\nOs apoios para os p\u00e9s tamb\u00e9m podem ser facilmente removidos para reduzir o peso e as dimens\u00f5es para facilitar o transporte.<br \/>\nOs apoios de bra\u00e7os podem ser dobrados para facilitar ao cuidador a transfer\u00eancia do utilizador para a cadeira de rodas, com apoios de bra\u00e7os de secret\u00e1ria para facilitar a leitura, escrita ou qualquer outra atividade que requeira trabalhar sobre uma superf\u00edcie.<br \/>\nDesign: A cadeira de rodas autopropulsionada tem um design elegante, com uma moldura em cor azul e estofos de nylon acolchoados. Tem um bolso no encosto para o transporte de objetos pessoais.<br \/>\nCaracter\u00edsticas t\u00e9cnicas:<br \/>\nMaterial: A\u00e7o<br \/>\nAltura total: 91 cm<br \/>\nLargura total: 62 cm<br \/>\nAltura desde o ch\u00e3o at\u00e9 ao assento: 51 cm<br \/>\nAltura dos apoios de bra\u00e7os ao assento: 24 cm<br \/>\nLargura do assento : 40c m<br \/>\nDist\u00e2ncia entre pegas: 47 cm<br \/>\nTipo de trav\u00f5es: trav\u00e3o de alavanca<br \/>\nPeso m\u00e1ximo suportado: 110 kg<br \/>\nApoio de bra\u00e7o totalmente dobr\u00e1vel<br \/>\nApoio para os p\u00e9s dobr\u00e1vel e remov\u00edvel.<br \/>\nAssento e encosto: feito de nylon e esponja<br \/>\nGarfo dianteiro de a\u00e7o<br \/>\nRoda dianteira de 8&#8243;. Material: PVC<br \/>\nRoda traseira de 24&#8243;. Material: PU (Poliuretano)<br \/>\nMoldura de uma s\u00f3 pe\u00e7a com pintura em p\u00f3 revestida<br \/>\nPeso bruto: 21,5 kg<br \/>\nOp\u00e7\u00e3o de liberta\u00e7\u00e3o r\u00e1pida<br \/>\nCor: Azul<\/p>\n","protected":false},"excerpt":{"rendered":"<p>A Marsella \u00e9 uma cadeira de rodas dobr\u00e1vel tradicional, que se destaca pela sua seguran\u00e7a e durabilidade. A sua facilidade de transporte torna-a uma das op\u00e7\u00f5es mais adequadas para todos os tipos de pacientes. V\u00e1rias caracter\u00edsticas excecionais desta cadeira de rodas leve modelo Marsella s\u00e3o a facilidade de manuseamento e o grande conforto devido ao &hellip;<\/p>\n<p class=\"read-more\"> <a class=\"\" href=\"https:\/\/straton.pt\/?product=cadeira-de-rodas-dobravel-rodas-grandes-traseiras-extraiveis\"> <span class=\"screen-reader-text\">Cadeira de rodas dobr\u00e1vel Marsella, rodas grandes traseiras extra\u00edveis<\/span> Read More &raquo;<\/a><\/p>\n","protected":false},"featured_media":1565,"template":"","meta":{"site-sidebar-layout":"default","site-content-layout":"","ast-site-content-layout":"default","site-content-style":"default","site-sidebar-style":"default","ast-global-header-display":"","ast-banner-title-visibility":"","ast-main-header-display":"","ast-hfb-above-header-display":"","ast-hfb-below-header-display":"","ast-hfb-mobile-header-display":"","site-post-title":"","ast-breadcrumbs-content":"","ast-featured-img":"","footer-sml-layout":"","theme-transparent-header-meta":"default","adv-header-id-meta":"","stick-header-meta":"","header-above-stick-meta":"","header-main-stick-meta":"","header-below-stick-meta":"","astra-migrate-meta-layouts":"set"},"product_cat":[15],"product_tag":[],"_links":{"self":[{"href":"https:\/\/straton.pt\/index.php?rest_route=\/wp\/v2\/product\/1564"}],"collection":[{"href":"https:\/\/straton.pt\/index.php?rest_route=\/wp\/v2\/product"}],"about":[{"href":"https:\/\/straton.pt\/index.php?rest_route=\/wp\/v2\/types\/product"}],"wp:featuredmedia":[{"embeddable":true,"href":"https:\/\/straton.pt\/index.php?rest_route=\/wp\/v2\/media\/1565"}],"wp:attachment":[{"href":"https:\/\/straton.pt\/index.php?rest_route=%2Fwp%2Fv2%2Fmedia&parent=1564"}],"wp:term":[{"taxonomy":"product_cat","embeddable":true,"href":"https:\/\/straton.pt\/index.php?rest_route=%2Fwp%2Fv2%2Fproduct_cat&post=1564"},{"taxonomy":"product_tag","embeddable":true,"href":"https:\/\/straton.pt\/index.php?rest_route=%2Fwp%2Fv2%2Fproduct_tag&post=1564"}],"curies":[{"name":"wp","href":"https:\/\/api.w.org\/{rel}","templated":true}]}}