{"id":1566,"date":"2023-12-11T11:52:49","date_gmt":"2023-12-11T11:52:49","guid":{"rendered":"https:\/\/straton.pt\/?post_type=product&#038;p=1566"},"modified":"2023-12-11T11:52:49","modified_gmt":"2023-12-11T11:52:49","slug":"termometro-digital-com-memoria","status":"publish","type":"product","link":"https:\/\/straton.pt\/?product=termometro-digital-com-memoria","title":{"rendered":"Term\u00f3metro digital, com mem\u00f3ria"},"content":{"rendered":"<p>PRECISO: Term\u00f3metro capaz de medir temperaturas corporais estimadas entre 32 e 42,9, com uma margem de erro de 0,1.<\/p>\n<p>REGISTO TEMPERATURA: Mem\u00f3ria para gravar a \u00faltima medi\u00e7\u00e3o, para que possa acompanhar a evolu\u00e7\u00e3o a temperatura do seu corpo.<\/p>\n<p>FUN\u00c7\u00c3O DE ADVERT\u00caNCIA: Alarme sonoro que alerta o paciente em caso de febre.<\/p>\n<p>MODO ECONOMIA: Term\u00f3metro com fun\u00e7\u00e3o de desligamento autom\u00e1tico ap\u00f3s determinado per\u00edodo de inatividade.<\/p>\n<p>Adequado para beb\u00e9s, crian\u00e7as e adultos.<\/p>\n<p>Inclui pilhas e caixa de prote\u00e7\u00e3o.<\/p>\n","protected":false},"excerpt":{"rendered":"<p>PRECISO: Term\u00f3metro capaz de medir temperaturas corporais estimadas entre 32 e 42,9, com uma margem de erro de 0,1. REGISTO TEMPERATURA: Mem\u00f3ria para gravar a \u00faltima medi\u00e7\u00e3o, para que possa acompanhar a evolu\u00e7\u00e3o a temperatura do seu corpo. FUN\u00c7\u00c3O DE ADVERT\u00caNCIA: Alarme sonoro que alerta o paciente em caso de febre. MODO ECONOMIA: Term\u00f3metro com &hellip;<\/p>\n<p class=\"read-more\"> <a class=\"\" href=\"https:\/\/straton.pt\/?product=termometro-digital-com-memoria\"> <span class=\"screen-reader-text\">Term\u00f3metro digital, com mem\u00f3ria<\/span> Read More &raquo;<\/a><\/p>\n","protected":false},"featured_media":1567,"template":"","meta":{"site-sidebar-layout":"default","site-content-layout":"","ast-site-content-layout":"default","site-content-style":"default","site-sidebar-style":"default","ast-global-header-display":"","ast-banner-title-visibility":"","ast-main-header-display":"","ast-hfb-above-header-display":"","ast-hfb-below-header-display":"","ast-hfb-mobile-header-display":"","site-post-title":"","ast-breadcrumbs-content":"","ast-featured-img":"","footer-sml-layout":"","theme-transparent-header-meta":"default","adv-header-id-meta":"","stick-header-meta":"","header-above-stick-meta":"","header-main-stick-meta":"","header-below-stick-meta":"","astra-migrate-meta-layouts":"set"},"product_cat":[15],"product_tag":[],"_links":{"self":[{"href":"https:\/\/straton.pt\/index.php?rest_route=\/wp\/v2\/product\/1566"}],"collection":[{"href":"https:\/\/straton.pt\/index.php?rest_route=\/wp\/v2\/product"}],"about":[{"href":"https:\/\/straton.pt\/index.php?rest_route=\/wp\/v2\/types\/product"}],"wp:featuredmedia":[{"embeddable":true,"href":"https:\/\/straton.pt\/index.php?rest_route=\/wp\/v2\/media\/1567"}],"wp:attachment":[{"href":"https:\/\/straton.pt\/index.php?rest_route=%2Fwp%2Fv2%2Fmedia&parent=1566"}],"wp:term":[{"taxonomy":"product_cat","embeddable":true,"href":"https:\/\/straton.pt\/index.php?rest_route=%2Fwp%2Fv2%2Fproduct_cat&post=1566"},{"taxonomy":"product_tag","embeddable":true,"href":"https:\/\/straton.pt\/index.php?rest_route=%2Fwp%2Fv2%2Fproduct_tag&post=1566"}],"curies":[{"name":"wp","href":"https:\/\/api.w.org\/{rel}","templated":true}]}}