{"id":1570,"date":"2023-12-11T12:47:05","date_gmt":"2023-12-11T12:47:05","guid":{"rendered":"https:\/\/straton.pt\/?post_type=product&#038;p=1570"},"modified":"2024-05-28T10:18:48","modified_gmt":"2024-05-28T10:18:48","slug":"barra-de-banho-dobravel","status":"publish","type":"product","link":"https:\/\/straton.pt\/?product=barra-de-banho-dobravel","title":{"rendered":"Barra de banho dobr\u00e1vel"},"content":{"rendered":"<p>Os riscos de quedas em casas de banho, de idosos, doentes, incapacitados ou deficientes, s\u00e3o uma grande preocupa\u00e7\u00e3o para as fam\u00edlias, bem como um risco cont\u00ednuo em hospitais e locais p\u00fablicos. A preven\u00e7\u00e3o de quedas \u00e9, por conseguinte, uma grande preocupa\u00e7\u00e3o.<\/p>\n<p>Para evitar acidentes na casa de banho, oferecemos-lhe os melhores acess\u00f3rios de casa de banho. Entre elas, a grade de seguran\u00e7a dobr\u00e1vel universal (1 p\u00e7). Este \u00e9 um corrim\u00e3o de banheiro feito de a\u00e7o, que \u00e9 facilmente fixado \u00e0 parede ajudando a reduzir acidentes neste espa\u00e7o. Ao contr\u00e1rio dos trilhos de madeira comuns, este \u00e9 f\u00e1cil de montar.<\/p>\n<p>O seu sistema de ancoragem adapta-se a qualquer parede e superf\u00edcie, tornando-o um item ortop\u00e9dico indispens\u00e1vel e um dos m\u00f3veis mais necess\u00e1rios para banheiros p\u00fablicos, hospitais e resid\u00eancias para garantir a seguran\u00e7a.<\/p>\n<p>Com este trilho de seguran\u00e7a dobr\u00e1vel universal para banheiros, voc\u00ea poder\u00e1 relaxar e n\u00e3o se preocupar mais com quedas e acidentes no banheiro.<\/p>\n<p>Lembre-se que a seguran\u00e7a de sua fam\u00edlia e pacientes \u00e9 inestim\u00e1vel, por isso n\u00e3o recomendamos a compra deste item de segunda m\u00e3o, pois pode levar a problemas de pele e higiene.<\/p>\n<p>O manual de instru\u00e7\u00f5es inclu\u00eddo est\u00e1 em espanhol, ingl\u00eas, franc\u00eas, italiano e alem\u00e3o (ferramentas para montagem simples inclu\u00eddas).<\/p>\n<p>Caracter\u00edsticas t\u00e9cnicas da barra de seguran\u00e7a do banho duplo:<br \/>\nComprimento da barra: 75 cm<br \/>\nMedidas da Base: 28cm de comprimento x 10cm de largura<br \/>\nDist\u00e2ncia entre barras: 15 cm<br \/>\nBarras de 31 mm de di\u00e2metro<br \/>\nPeso: 2,4 Kg<br \/>\nPeso m\u00e1ximo: 90 Kg.<\/p>\n","protected":false},"excerpt":{"rendered":"<p>Os riscos de quedas em casas de banho, de idosos, doentes, incapacitados ou deficientes, s\u00e3o uma grande preocupa\u00e7\u00e3o para as fam\u00edlias, bem como um risco cont\u00ednuo em hospitais e locais p\u00fablicos. A preven\u00e7\u00e3o de quedas \u00e9, por conseguinte, uma grande preocupa\u00e7\u00e3o. Para evitar acidentes na casa de banho, oferecemos-lhe os melhores acess\u00f3rios de casa de &hellip;<\/p>\n<p class=\"read-more\"> <a class=\"\" href=\"https:\/\/straton.pt\/?product=barra-de-banho-dobravel\"> <span class=\"screen-reader-text\">Barra de banho dobr\u00e1vel<\/span> Read More &raquo;<\/a><\/p>\n","protected":false},"featured_media":1571,"template":"","meta":{"site-sidebar-layout":"default","site-content-layout":"","ast-site-content-layout":"default","site-content-style":"default","site-sidebar-style":"default","ast-global-header-display":"","ast-banner-title-visibility":"","ast-main-header-display":"","ast-hfb-above-header-display":"","ast-hfb-below-header-display":"","ast-hfb-mobile-header-display":"","site-post-title":"","ast-breadcrumbs-content":"","ast-featured-img":"","footer-sml-layout":"","theme-transparent-header-meta":"default","adv-header-id-meta":"","stick-header-meta":"","header-above-stick-meta":"","header-main-stick-meta":"","header-below-stick-meta":"","astra-migrate-meta-layouts":"set"},"product_cat":[15],"product_tag":[],"_links":{"self":[{"href":"https:\/\/straton.pt\/index.php?rest_route=\/wp\/v2\/product\/1570"}],"collection":[{"href":"https:\/\/straton.pt\/index.php?rest_route=\/wp\/v2\/product"}],"about":[{"href":"https:\/\/straton.pt\/index.php?rest_route=\/wp\/v2\/types\/product"}],"wp:featuredmedia":[{"embeddable":true,"href":"https:\/\/straton.pt\/index.php?rest_route=\/wp\/v2\/media\/1571"}],"wp:attachment":[{"href":"https:\/\/straton.pt\/index.php?rest_route=%2Fwp%2Fv2%2Fmedia&parent=1570"}],"wp:term":[{"taxonomy":"product_cat","embeddable":true,"href":"https:\/\/straton.pt\/index.php?rest_route=%2Fwp%2Fv2%2Fproduct_cat&post=1570"},{"taxonomy":"product_tag","embeddable":true,"href":"https:\/\/straton.pt\/index.php?rest_route=%2Fwp%2Fv2%2Fproduct_tag&post=1570"}],"curies":[{"name":"wp","href":"https:\/\/api.w.org\/{rel}","templated":true}]}}