{"id":1584,"date":"2024-01-31T10:30:29","date_gmt":"2024-01-31T10:30:29","guid":{"rendered":"https:\/\/straton.pt\/?post_type=product&#038;p=1584"},"modified":"2024-12-09T19:14:57","modified_gmt":"2024-12-09T19:14:57","slug":"almofada-cervical-eletrica-3-niveis-de-calor-desligar-automatico","status":"publish","type":"product","link":"https:\/\/straton.pt\/?product=almofada-cervical-eletrica-3-niveis-de-calor-desligar-automatico","title":{"rendered":"Almofada cervical el\u00e9trica, 3 n\u00edveis de calor, desligar autom\u00e1tico"},"content":{"rendered":"<p>CONSUMO EL\u00c9CTRICO REDUZIDO: o seu consumo \u00e9 muito baixo em compara\u00e7\u00e3o com outros aparelhos el\u00e9ctricos, tornando-o uma op\u00e7\u00e3o econ\u00f3mica e funcional para aquecer uma cama, por exemplo, onde ficaremos durante v\u00e1rias horas enquanto dormimos. Oferece calor r\u00e1pido, localizado e direccionado, o que nos permite reduzir o aquecimento em espa\u00e7os onde n\u00e3o vamos precisar dele. Isto pode ajudar a evitar o desperd\u00edcio de energia e ajudar a poupar.<\/p>\n<p>MATERIAIS AGRAD\u00c1VEIS: O seu material de de l\u00e3 oferece uma textura prazerosa, conseguindo o melhor conforto para para o descanso.<\/p>\n<p>LAV\u00c1VEL M\u00c1XIMO A 30: Caracter\u00edstica que assegura a higiene no seu produto.<\/p>\n<p>TEMPERATURA REGUL\u00c1VEL: Esta almofada el\u00e9trica conta com 3 n\u00edveis de temperatura, o que permite adapt\u00e1-la a cada uma das suas necessidades. Diga adeus ao frio do inverno, e combata-o com esta manta el\u00e9trica.<\/p>\n<p>D\u00ca A VOLTA \u00c0 DOR: Com a almofada el\u00e9trica cervical poder\u00e1 aliviar a dor e desfrutar do relaxamento que merece.<\/p>\n<p>DESLIGA AUTOM\u00c1TICAMENTE: A pensar na sua seguran\u00e7a enquanto descansa, a almofada desconecta-se automaticamente depois de 90 minutos de uso.<\/p>\n","protected":false},"excerpt":{"rendered":"<p>CONSUMO EL\u00c9CTRICO REDUZIDO: o seu consumo \u00e9 muito baixo em compara\u00e7\u00e3o com outros aparelhos el\u00e9ctricos, tornando-o uma op\u00e7\u00e3o econ\u00f3mica e funcional para aquecer uma cama, por exemplo, onde ficaremos durante v\u00e1rias horas enquanto dormimos. Oferece calor r\u00e1pido, localizado e direccionado, o que nos permite reduzir o aquecimento em espa\u00e7os onde n\u00e3o vamos precisar dele. Isto &hellip;<\/p>\n<p class=\"read-more\"> <a class=\"\" href=\"https:\/\/straton.pt\/?product=almofada-cervical-eletrica-3-niveis-de-calor-desligar-automatico\"> <span class=\"screen-reader-text\">Almofada cervical el\u00e9trica, 3 n\u00edveis de calor, desligar autom\u00e1tico<\/span> Read More &raquo;<\/a><\/p>\n","protected":false},"featured_media":1585,"template":"","meta":{"site-sidebar-layout":"default","site-content-layout":"","ast-site-content-layout":"default","site-content-style":"default","site-sidebar-style":"default","ast-global-header-display":"","ast-banner-title-visibility":"","ast-main-header-display":"","ast-hfb-above-header-display":"","ast-hfb-below-header-display":"","ast-hfb-mobile-header-display":"","site-post-title":"","ast-breadcrumbs-content":"","ast-featured-img":"","footer-sml-layout":"","theme-transparent-header-meta":"default","adv-header-id-meta":"","stick-header-meta":"","header-above-stick-meta":"","header-main-stick-meta":"","header-below-stick-meta":"","astra-migrate-meta-layouts":"set"},"product_cat":[42],"product_tag":[],"_links":{"self":[{"href":"https:\/\/straton.pt\/index.php?rest_route=\/wp\/v2\/product\/1584"}],"collection":[{"href":"https:\/\/straton.pt\/index.php?rest_route=\/wp\/v2\/product"}],"about":[{"href":"https:\/\/straton.pt\/index.php?rest_route=\/wp\/v2\/types\/product"}],"wp:featuredmedia":[{"embeddable":true,"href":"https:\/\/straton.pt\/index.php?rest_route=\/wp\/v2\/media\/1585"}],"wp:attachment":[{"href":"https:\/\/straton.pt\/index.php?rest_route=%2Fwp%2Fv2%2Fmedia&parent=1584"}],"wp:term":[{"taxonomy":"product_cat","embeddable":true,"href":"https:\/\/straton.pt\/index.php?rest_route=%2Fwp%2Fv2%2Fproduct_cat&post=1584"},{"taxonomy":"product_tag","embeddable":true,"href":"https:\/\/straton.pt\/index.php?rest_route=%2Fwp%2Fv2%2Fproduct_tag&post=1584"}],"curies":[{"name":"wp","href":"https:\/\/api.w.org\/{rel}","templated":true}]}}