{"id":1604,"date":"2024-04-22T11:20:25","date_gmt":"2024-04-22T11:20:25","guid":{"rendered":"https:\/\/straton.pt\/?post_type=product&#038;p=1604"},"modified":"2025-01-19T19:38:30","modified_gmt":"2025-01-19T19:38:30","slug":"guindaste-electrico-fortuna-com-arnes-suporta-ate-135-kg","status":"publish","type":"product","link":"https:\/\/straton.pt\/?product=guindaste-electrico-fortuna-com-arnes-suporta-ate-135-kg","title":{"rendered":"Guindaste el\u00e9ctrico Fortuna, com arn\u00eas, suporta at\u00e9 135 kg"},"content":{"rendered":"<p>A grua modelo Fortuna \u00e9 a mais vendida na Europa.<br \/>\nEste guindaste \u00e9 o preferido pelos utilizadores, pois a sua estrutura j\u00e1 vem montada, n\u00e3o requer o uso de ferramentas que podem levar a montagem incorreta e mau funcionamento.<br \/>\nO elevador el\u00e9trico Fortuna da Mobiclinic permite transferir o utilizador da cadeira de rodas para o sof\u00e1, para a cama ou vice-versa, com seguran\u00e7a e pouco esfor\u00e7o.<br \/>\nO guindaste da fortuna Mobiclinic evita, principalmente:<\/p>\n<p>Les\u00f5es musculares por transporte manual (especialmente bra\u00e7os, costas, ombros e pernas)<br \/>\nLes\u00f5es da medula espinhal por levantamento incorreto<br \/>\nLes\u00f5es nos pulsos e m\u00e3os devido \u00e0 press\u00e3o excessiva<br \/>\nAl\u00e9m disso, o elevador Fortuna reduz o risco de les\u00f5es ou quedas tanto para o paciente quanto para o cuidador, especialmente se manobrar em espa\u00e7os estreitos ou sem ajuda adequada.<\/p>\n<p>Ao contr\u00e1rio de outros guindastes, o modelo Fortuna da Mobiclinic:<\/p>\n<p>Desce at\u00e9 ao ch\u00e3o, permitindo levantar em caso de queda.<br \/>\nSua estrutura \u00e9 dobr\u00e1vel, f\u00e1cil de transportar e armazenar<br \/>\nO peso m\u00e1ximo suportado pelo guindaste Fortuna \u00e9 de 135 kg.<br \/>\nO elevador ortop\u00e9dico \u00e9 f\u00e1cil de usar, pois integra controles intuitivos . Atrav\u00e9s do controle remoto, controla a parte superior e inferior do bra\u00e7o de eleva\u00e7\u00e3o simplesmente com o bot\u00e3o &#8220;subir&#8221; e &#8220;descer&#8221;. O bot\u00e3o vermelho no controle remoto \u00e9 o sistema de seguran\u00e7a.<\/p>\n<p>O elevador el\u00e9trico inclui um bot\u00e3o de emerg\u00eancia para a subida ou descida manual, para colocar o paciente de volta no lugar. O elevador do paciente para de funcionar quando os bot\u00f5es s\u00e3o soltos. Ele permite que qualquer pessoa aprenda a us\u00e1-lo num curto espa\u00e7o de tempo.<\/p>\n<p>Pode ajustar a abertura da largura das pernas para que ela passe facilmente pelas portas gra\u00e7as ao pedal que varia a largura da base. Al\u00e9m disso, permite transportar todo o tipo de pessoas com mobilidade reduzida tempor\u00e1ria ou permanente, independentemente das suas caracter\u00edsticas f\u00edsicas.<\/p>\n<p>Al\u00e9m disso, cont\u00e9m um arn\u00eas de transfer\u00eancia padr\u00e3o da mais alta qualidade e firmeza e tamb\u00e9m \u00e9 composto por rodas muito resistentes com freio de seguran\u00e7a. O arn\u00eas cont\u00e9m 4 ganchos para proporcionar maior estabilidade, conforto e sensa\u00e7\u00e3o de amplitude ao usu\u00e1rio. \u00c9 importante verificar as medidas do arn\u00eas padr\u00e3o.<\/p>\n<p>Caracter\u00edsticas do elevador para pacientes:<br \/>\nFeito de a\u00e7o de alta resist\u00eancia.<br \/>\nSilencioso, suave e f\u00e1cil de usar.<br \/>\nControles intuitivos que facilitam o uso e controlam o posicionamento da parte superior do corpo, proporcionando o m\u00e1ximo conforto ao paciente.<br \/>\nRodas de alta resist\u00eancia com trav\u00e3o.<br \/>\nEstrutura dobr\u00e1vel, f\u00e1cil de transportar e f\u00e1cil de guardar.<br \/>\nArn\u00eas confort\u00e1vel de alta resist\u00eancia.<br \/>\nCaracter\u00edsticas t\u00e9cnicas do elevador para idosos:<br \/>\nMedida da grua (comprimento, largura e altura): 134 x 90 x 184 cm<br \/>\nDist\u00e2ncia entre a base e o solo: 10,5 cm<br \/>\nComprimento da perna: 134 cm<br \/>\nLargura da \u00e1rea de controle: 52 cm<br \/>\nDimens\u00f5es do guindaste dobrado: 66,5 x 134 x 46 cm<br \/>\nComprimento do bra\u00e7o: 88 cm<br \/>\nDist\u00e2ncia do bra\u00e7o ao ch\u00e3o: 51-184 cm<br \/>\nDist\u00e2ncia entre as pernas: 65,5-89,5 cm<br \/>\n\u00c2ngulo de rota\u00e7\u00e3o do bra\u00e7o: 180<br \/>\nDist\u00e2ncia da base ao ch\u00e3o: 4,5 cm<br \/>\nraio de viragem: 142 cm<br \/>\nMotor: 24V\/8000N<br \/>\n2 baterias<br \/>\nAutonomia da caixa de comando (2 baterias): 60-80 ciclos de subida e descida<br \/>\nVelocidade de eleva\u00e7\u00e3o: 6,5 mm\/s<br \/>\nN\u00edvel de ru\u00eddo: 65dB(A)<br \/>\nPeso: 45kg<br \/>\nPeso m\u00e1ximo suportado: 135 kg<br \/>\nDimens\u00f5es do arn\u00eas:<br \/>\nAltura do arn\u00eas: 85 cm<br \/>\nLargura total do arn\u00eas: 88 cm<br \/>\nLargura entre as al\u00e7as inferiores: 47 cm<br \/>\nGARANTIA: 3 anos<\/p>\n","protected":false},"excerpt":{"rendered":"<p>A grua modelo Fortuna \u00e9 a mais vendida na Europa. Este guindaste \u00e9 o preferido pelos utilizadores, pois a sua estrutura j\u00e1 vem montada, n\u00e3o requer o uso de ferramentas que podem levar a montagem incorreta e mau funcionamento. O elevador el\u00e9trico Fortuna da Mobiclinic permite transferir o utilizador da cadeira de rodas para o &hellip;<\/p>\n<p class=\"read-more\"> <a class=\"\" href=\"https:\/\/straton.pt\/?product=guindaste-electrico-fortuna-com-arnes-suporta-ate-135-kg\"> <span class=\"screen-reader-text\">Guindaste el\u00e9ctrico Fortuna, com arn\u00eas, suporta at\u00e9 135 kg<\/span> Read More &raquo;<\/a><\/p>\n","protected":false},"featured_media":1605,"template":"","meta":{"site-sidebar-layout":"default","site-content-layout":"","ast-site-content-layout":"default","site-content-style":"default","site-sidebar-style":"default","ast-global-header-display":"","ast-banner-title-visibility":"","ast-main-header-display":"","ast-hfb-above-header-display":"","ast-hfb-below-header-display":"","ast-hfb-mobile-header-display":"","site-post-title":"","ast-breadcrumbs-content":"","ast-featured-img":"","footer-sml-layout":"","theme-transparent-header-meta":"default","adv-header-id-meta":"","stick-header-meta":"","header-above-stick-meta":"","header-main-stick-meta":"","header-below-stick-meta":"","astra-migrate-meta-layouts":"set"},"product_cat":[42],"product_tag":[],"_links":{"self":[{"href":"https:\/\/straton.pt\/index.php?rest_route=\/wp\/v2\/product\/1604"}],"collection":[{"href":"https:\/\/straton.pt\/index.php?rest_route=\/wp\/v2\/product"}],"about":[{"href":"https:\/\/straton.pt\/index.php?rest_route=\/wp\/v2\/types\/product"}],"wp:featuredmedia":[{"embeddable":true,"href":"https:\/\/straton.pt\/index.php?rest_route=\/wp\/v2\/media\/1605"}],"wp:attachment":[{"href":"https:\/\/straton.pt\/index.php?rest_route=%2Fwp%2Fv2%2Fmedia&parent=1604"}],"wp:term":[{"taxonomy":"product_cat","embeddable":true,"href":"https:\/\/straton.pt\/index.php?rest_route=%2Fwp%2Fv2%2Fproduct_cat&post=1604"},{"taxonomy":"product_tag","embeddable":true,"href":"https:\/\/straton.pt\/index.php?rest_route=%2Fwp%2Fv2%2Fproduct_tag&post=1604"}],"curies":[{"name":"wp","href":"https:\/\/api.w.org\/{rel}","templated":true}]}}