{"id":1608,"date":"2024-05-28T10:47:17","date_gmt":"2024-05-28T10:47:17","guid":{"rendered":"https:\/\/straton.pt\/?post_type=product&#038;p=1608"},"modified":"2025-01-19T22:58:21","modified_gmt":"2025-01-19T22:58:21","slug":"elevador-wc-titan-10-cm-branco-ate-160-kg","status":"publish","type":"product","link":"https:\/\/straton.pt\/?product=elevador-wc-titan-10-cm-branco-ate-160-kg","title":{"rendered":"Elevador WC Tit\u00e1n 10 cm, branco, at\u00e9 160 Kg"},"content":{"rendered":"<p>Elevador sanit\u00e1rio ideal para pessoas com dificuldade em entrar ou sair da casa de banho.<\/p>\n<p>Este assento de sanita para idosos oferece grande seguran\u00e7a e firmeza, proporcionando benef\u00edcios para os idosos ou pessoas com mobilidade reduzida.<\/p>\n<p>Este elevador de sanita \u00e9 ajust\u00e1vel em altura, o que facilita a posi\u00e7\u00e3o do utilizador.<\/p>\n<p>Caracter\u00edsticas :<br \/>\nAltura total: 10 CM<br \/>\nComprimento total: 39 CM<br \/>\nLargura total: 35 CM<br \/>\nLargura ajust\u00e1vel: 30&#8217;5-38&#8217;5 CM<br \/>\nComprimento do furo: 27 CM<br \/>\nLargura do furo: 21 CM<br \/>\nAltura para tr\u00e1s: 13 CM<br \/>\nAltura frontal: 10 CM<br \/>\nLargura na retaguarda: 28 CM<br \/>\nPeso: 1&#8217;30 KG<br \/>\nPeso m\u00e1ximo suportado: 160 KG<br \/>\nMaterial: Polipropileno<br \/>\nGrande conforto e firmeza para pessoas idosas ou com mobilidade reduzida.<br \/>\nLeve inclina\u00e7\u00e3o para um posicionamento correto e para reduzir a flex\u00e3o no quadril e joelho.<br \/>\nMaior abertura para facilitar a higiene pessoal.<\/p>\n","protected":false},"excerpt":{"rendered":"<p>Elevador sanit\u00e1rio ideal para pessoas com dificuldade em entrar ou sair da casa de banho. Este assento de sanita para idosos oferece grande seguran\u00e7a e firmeza, proporcionando benef\u00edcios para os idosos ou pessoas com mobilidade reduzida. Este elevador de sanita \u00e9 ajust\u00e1vel em altura, o que facilita a posi\u00e7\u00e3o do utilizador. Caracter\u00edsticas : Altura total: &hellip;<\/p>\n<p class=\"read-more\"> <a class=\"\" href=\"https:\/\/straton.pt\/?product=elevador-wc-titan-10-cm-branco-ate-160-kg\"> <span class=\"screen-reader-text\">Elevador WC Tit\u00e1n 10 cm, branco, at\u00e9 160 Kg<\/span> Read More &raquo;<\/a><\/p>\n","protected":false},"featured_media":1609,"template":"","meta":{"site-sidebar-layout":"default","site-content-layout":"","ast-site-content-layout":"default","site-content-style":"default","site-sidebar-style":"default","ast-global-header-display":"","ast-banner-title-visibility":"","ast-main-header-display":"","ast-hfb-above-header-display":"","ast-hfb-below-header-display":"","ast-hfb-mobile-header-display":"","site-post-title":"","ast-breadcrumbs-content":"","ast-featured-img":"","footer-sml-layout":"","theme-transparent-header-meta":"default","adv-header-id-meta":"","stick-header-meta":"","header-above-stick-meta":"","header-main-stick-meta":"","header-below-stick-meta":"","astra-migrate-meta-layouts":"set"},"product_cat":[42],"product_tag":[],"_links":{"self":[{"href":"https:\/\/straton.pt\/index.php?rest_route=\/wp\/v2\/product\/1608"}],"collection":[{"href":"https:\/\/straton.pt\/index.php?rest_route=\/wp\/v2\/product"}],"about":[{"href":"https:\/\/straton.pt\/index.php?rest_route=\/wp\/v2\/types\/product"}],"wp:featuredmedia":[{"embeddable":true,"href":"https:\/\/straton.pt\/index.php?rest_route=\/wp\/v2\/media\/1609"}],"wp:attachment":[{"href":"https:\/\/straton.pt\/index.php?rest_route=%2Fwp%2Fv2%2Fmedia&parent=1608"}],"wp:term":[{"taxonomy":"product_cat","embeddable":true,"href":"https:\/\/straton.pt\/index.php?rest_route=%2Fwp%2Fv2%2Fproduct_cat&post=1608"},{"taxonomy":"product_tag","embeddable":true,"href":"https:\/\/straton.pt\/index.php?rest_route=%2Fwp%2Fv2%2Fproduct_tag&post=1608"}],"curies":[{"name":"wp","href":"https:\/\/api.w.org\/{rel}","templated":true}]}}