{"id":1615,"date":"2024-06-26T11:34:15","date_gmt":"2024-06-26T11:34:15","guid":{"rendered":"https:\/\/straton.pt\/?post_type=product&#038;p=1615"},"modified":"2024-06-26T11:34:15","modified_gmt":"2024-06-26T11:34:15","slug":"amplificador-de-som-5-niveis-de-volume-rotacao-360o-bege","status":"publish","type":"product","link":"https:\/\/straton.pt\/?product=amplificador-de-som-5-niveis-de-volume-rotacao-360o-bege","title":{"rendered":"Amplificador de som, 5 n\u00edveis de volume, Rota\u00e7\u00e3o 360\u00ba, Bege"},"content":{"rendered":"<p>Este amplificador de som ir\u00e1 ajud\u00e1-lo a aumentar suas capacidades e a se sentir conectado ao ambiente ao seu redor. Trata-se de um aparelho que aumenta o volume do som ambiente, principalmente em pessoas com perda auditiva leve ou moderada.<\/p>\n<p>Seu design ergon\u00f4mico e intuitivo o torna uma ferramenta com absoluto conforto para qualquer usu\u00e1rio, pois possui controles simples para ajuste de velocidade e som. Al\u00e9m disso, sua rota\u00e7\u00e3o completa de 360\u00ba permite que seja utilizado em ambas as orelhas.<\/p>\n<p>A tecnologia de redu\u00e7\u00e3o de ru\u00eddo contribui para uma clareza superior. Quanto \u00e0s dimens\u00f5es, tamb\u00e9m ajudam o usu\u00e1rio a se sentir confort\u00e1vel ao carreg\u00e1-lo. A cor e o design deste alto-falante o tornam discreto e leve, e seus plugues podem ser trocados para obter o melhor ajuste. N\u00e3o pense duas vezes e melhore a qualidade da sua vida com EarPlus!<\/p>\n<p>Caracter\u00edsticas t\u00e9cnicas do amplificador de som:<br \/>\nDimens\u00f5es: 38 x 21 x 9 mm<br \/>\nPeso l\u00edquido: 5 gramas<br \/>\nMaterial: ABS (material de prote\u00e7\u00e3o ambiental)<br \/>\nUm \u00fanico modo com 5 pontos de volume diferentes<br \/>\nTempo de carregamento de 2 horas<br \/>\nVida \u00fatil da bateria: 8 a 12 horas<br \/>\nRota\u00e7\u00e3o 360\u00ba: cabe em ambas as orelhas<br \/>\nInclui duas tampas para melhor ajuste e duas baterias tipo bot\u00e3o (AG13) para opera\u00e7\u00e3o<\/p>\n","protected":false},"excerpt":{"rendered":"<p>Este amplificador de som ir\u00e1 ajud\u00e1-lo a aumentar suas capacidades e a se sentir conectado ao ambiente ao seu redor. Trata-se de um aparelho que aumenta o volume do som ambiente, principalmente em pessoas com perda auditiva leve ou moderada. Seu design ergon\u00f4mico e intuitivo o torna uma ferramenta com absoluto conforto para qualquer usu\u00e1rio, &hellip;<\/p>\n<p class=\"read-more\"> <a class=\"\" href=\"https:\/\/straton.pt\/?product=amplificador-de-som-5-niveis-de-volume-rotacao-360o-bege\"> <span class=\"screen-reader-text\">Amplificador de som, 5 n\u00edveis de volume, Rota\u00e7\u00e3o 360\u00ba, Bege<\/span> Read More &raquo;<\/a><\/p>\n","protected":false},"featured_media":1616,"template":"","meta":{"site-sidebar-layout":"default","site-content-layout":"","ast-site-content-layout":"default","site-content-style":"default","site-sidebar-style":"default","ast-global-header-display":"","ast-banner-title-visibility":"","ast-main-header-display":"","ast-hfb-above-header-display":"","ast-hfb-below-header-display":"","ast-hfb-mobile-header-display":"","site-post-title":"","ast-breadcrumbs-content":"","ast-featured-img":"","footer-sml-layout":"","theme-transparent-header-meta":"default","adv-header-id-meta":"","stick-header-meta":"","header-above-stick-meta":"","header-main-stick-meta":"","header-below-stick-meta":"","astra-migrate-meta-layouts":"set"},"product_cat":[42],"product_tag":[],"_links":{"self":[{"href":"https:\/\/straton.pt\/index.php?rest_route=\/wp\/v2\/product\/1615"}],"collection":[{"href":"https:\/\/straton.pt\/index.php?rest_route=\/wp\/v2\/product"}],"about":[{"href":"https:\/\/straton.pt\/index.php?rest_route=\/wp\/v2\/types\/product"}],"wp:featuredmedia":[{"embeddable":true,"href":"https:\/\/straton.pt\/index.php?rest_route=\/wp\/v2\/media\/1616"}],"wp:attachment":[{"href":"https:\/\/straton.pt\/index.php?rest_route=%2Fwp%2Fv2%2Fmedia&parent=1615"}],"wp:term":[{"taxonomy":"product_cat","embeddable":true,"href":"https:\/\/straton.pt\/index.php?rest_route=%2Fwp%2Fv2%2Fproduct_cat&post=1615"},{"taxonomy":"product_tag","embeddable":true,"href":"https:\/\/straton.pt\/index.php?rest_route=%2Fwp%2Fv2%2Fproduct_tag&post=1615"}],"curies":[{"name":"wp","href":"https:\/\/api.w.org\/{rel}","templated":true}]}}