{"id":1633,"date":"2024-07-16T11:04:32","date_gmt":"2024-07-16T11:04:32","guid":{"rendered":"https:\/\/straton.pt\/?post_type=product&#038;p=1633"},"modified":"2025-01-19T19:33:50","modified_gmt":"2025-01-19T19:33:50","slug":"maca-fisioterapia-dobravel-apoio-de-cabeca-portatil-180-x-60-cm","status":"publish","type":"product","link":"https:\/\/straton.pt\/?product=maca-fisioterapia-dobravel-apoio-de-cabeca-portatil-180-x-60-cm","title":{"rendered":"Maca fisioterapia dobr\u00e1vel, apoio de cabe\u00e7a, port\u00e1til, 180 x 60 cm"},"content":{"rendered":"<p>Maca de madeira dobr\u00e1vel ideal para transmitir calor e sensa\u00e7\u00e3o de relaxamento ao cliente. Este modelo encontra-se revestido em pele de elevada resistencia, sendo verdadeiramente confort\u00e1vel para cada utilizador.<\/p>\n<p>A mesa de massagem permite a realiza\u00e7\u00e3o de massagens com maior conforto, mobilidade e, acima de tudo, seguran\u00e7a.<br \/>\n\u00c9 ajust\u00e1vel em altura atrav\u00e9s, permitindo adaptar \u00e0 posi\u00e7\u00e3o mais confort\u00e1vel.<\/p>\n<p>V\u00e1rios centros ortop\u00e9dicos, fisioterapia, beleza, acupunctura, massagem, spa, reiki ou gin\u00e1sio optaram por adquirir esta maca de madeira devido tamb\u00e9m ao seu design, que \u00e9 altamente valorizado esteticamente.<\/p>\n<p>\u00c9 dobr\u00e1vel, o que permite a sua utiliza\u00e7\u00e3o tamb\u00e9m por profissionais de sa\u00fade que trabalham em casa. Conta tamb\u00e9m com um sistema de dobragem e abertura autom\u00e1tica.<\/p>\n<p>Caracter\u00edsticas t\u00e9cnicas :<br \/>\nMedidas: 180 x 60 cm<br \/>\nMedidas da maca dobrada: 90x60x18 cm<br \/>\nPeso suportado: At\u00e9 250 kg<br \/>\nPeso da maca: 12,0 Kg<br \/>\nAltura regul\u00e1vel: 62-82 cm<\/p>\n","protected":false},"excerpt":{"rendered":"<p>Maca de madeira dobr\u00e1vel ideal para transmitir calor e sensa\u00e7\u00e3o de relaxamento ao cliente. Este modelo encontra-se revestido em pele de elevada resistencia, sendo verdadeiramente confort\u00e1vel para cada utilizador. A mesa de massagem permite a realiza\u00e7\u00e3o de massagens com maior conforto, mobilidade e, acima de tudo, seguran\u00e7a. \u00c9 ajust\u00e1vel em altura atrav\u00e9s, permitindo adaptar \u00e0 &hellip;<\/p>\n<p class=\"read-more\"> <a class=\"\" href=\"https:\/\/straton.pt\/?product=maca-fisioterapia-dobravel-apoio-de-cabeca-portatil-180-x-60-cm\"> <span class=\"screen-reader-text\">Maca fisioterapia dobr\u00e1vel, apoio de cabe\u00e7a, port\u00e1til, 180 x 60 cm<\/span> Read More &raquo;<\/a><\/p>\n","protected":false},"featured_media":1634,"template":"","meta":{"site-sidebar-layout":"default","site-content-layout":"","ast-site-content-layout":"default","site-content-style":"default","site-sidebar-style":"default","ast-global-header-display":"","ast-banner-title-visibility":"","ast-main-header-display":"","ast-hfb-above-header-display":"","ast-hfb-below-header-display":"","ast-hfb-mobile-header-display":"","site-post-title":"","ast-breadcrumbs-content":"","ast-featured-img":"","footer-sml-layout":"","theme-transparent-header-meta":"default","adv-header-id-meta":"","stick-header-meta":"","header-above-stick-meta":"","header-main-stick-meta":"","header-below-stick-meta":"","astra-migrate-meta-layouts":"set"},"product_cat":[15],"product_tag":[],"_links":{"self":[{"href":"https:\/\/straton.pt\/index.php?rest_route=\/wp\/v2\/product\/1633"}],"collection":[{"href":"https:\/\/straton.pt\/index.php?rest_route=\/wp\/v2\/product"}],"about":[{"href":"https:\/\/straton.pt\/index.php?rest_route=\/wp\/v2\/types\/product"}],"wp:featuredmedia":[{"embeddable":true,"href":"https:\/\/straton.pt\/index.php?rest_route=\/wp\/v2\/media\/1634"}],"wp:attachment":[{"href":"https:\/\/straton.pt\/index.php?rest_route=%2Fwp%2Fv2%2Fmedia&parent=1633"}],"wp:term":[{"taxonomy":"product_cat","embeddable":true,"href":"https:\/\/straton.pt\/index.php?rest_route=%2Fwp%2Fv2%2Fproduct_cat&post=1633"},{"taxonomy":"product_tag","embeddable":true,"href":"https:\/\/straton.pt\/index.php?rest_route=%2Fwp%2Fv2%2Fproduct_tag&post=1633"}],"curies":[{"name":"wp","href":"https:\/\/api.w.org\/{rel}","templated":true}]}}